{"id":1569,"date":"2025-12-30T21:04:12","date_gmt":"2025-12-30T13:04:12","guid":{"rendered":"https:\/\/nenghui.com\/?page_id=1569"},"modified":"2026-01-14T00:57:57","modified_gmt":"2026-01-13T16:57:57","slug":"cookie-policy","status":"publish","type":"page","link":"https:\/\/nenghui.com\/de\/cookie-policy\/","title":{"rendered":"COOKIE POLICY"},"content":{"rendered":"<h1 class=\"wp-block-heading\">WordPress-Cookie-Richtlinie (Angepasst f\u00fcr die offizielle Website von NENGHUI Energy)<\/h1>\n\n\n\n<p>Inkrafttreten: [14. Januar 2026]<\/p>\n\n\n\n<p>Vielen Dank f\u00fcr Ihren Besuch auf der offiziellen Website von NENGHUI Energy (<a href=\"https:\/\/nenghui.com\/de\/\" target=\"_blank\" rel=\"noreferrer noopener\">https:\/\/nenghui.com<\/a>, Diese Website (im Folgenden \u201cdiese Website\u201d) verwendet Cookies und \u00e4hnliche Tracking-Technologien, um Ihnen ein besseres, sichereres und personalisiertes Surferlebnis zu bieten und gleichzeitig den reibungslosen Betrieb und die Optimierung der Website-Funktionen zu gew\u00e4hrleisten. Bitte lesen Sie diese Cookie-Richtlinie sorgf\u00e4ltig durch, um zu verstehen, wie wir Cookies verwenden und welche Rechte Ihnen in diesem Zusammenhang zustehen. Durch die weitere Nutzung dieser Website erkl\u00e4ren Sie sich mit der Verwendung von Cookies gem\u00e4\u00df dieser Richtlinie einverstanden.<\/p>\n\n\n\n<h2 class=\"wp-block-heading\">I. Definition und Klassifizierung von Cookies<\/h2>\n\n\n\n<p>Cookies sind kleine Textdateien, die vom Server der Website an Ihren Browser gesendet und auf Ihrem Ger\u00e4t (Computer, Mobiltelefon, Tablet usw.) gespeichert werden. Sie enthalten Informationen \u00fcber Ihren Besuch auf dieser Website. Die von uns verwendeten Cookies werden anhand ihres Zwecks und ihrer Speicherdauer haupts\u00e4chlich in folgende Kategorien eingeteilt:<\/p>\n\n\n\n<ol class=\"wp-block-list\">\n<li><strong>Notwendige Cookies<\/strong>Diese Cookies sind die Grundlage f\u00fcr den reibungslosen Betrieb der Kernfunktionen dieser Website und daher unverzichtbar. Sie \u00fcberpr\u00fcfen beispielsweise Benutzerzugriffsrechte, speichern den Sitzungsstatus, gew\u00e4hrleisten die Website-Sicherheit und unterst\u00fctzen grundlegende Navigationsfunktionen. Wenn Sie diese Cookies deaktivieren, funktionieren einige Website-Funktionen nicht ordnungsgem\u00e4\u00df, und wir k\u00f6nnen Ihnen nicht alle Dienste anbieten.<\/li>\n\n\n\n<li><strong>Funktionale Cookies<\/strong>Diese Cookies dienen der Verbesserung der Website-Funktionalit\u00e4t und Benutzerfreundlichkeit. Sie speichern Ihre bevorzugten Einstellungen (z. B. Sprachauswahl, Seitenanzeigemodus usw.), sodass Sie diese nicht bei jedem Besuch erneut konfigurieren m\u00fcssen. Dar\u00fcber hinaus erm\u00f6glichen sie die Anzeige personalisierter Informationen zu Energieprodukten (z. B. gefilterte Ergebnisse von Parametern f\u00fcr Energiespeicherger\u00e4te, individuelle L\u00f6sungsdarstellungen usw.) und optimieren so Ihr Surf- und Suchverhalten.<\/li>\n\n\n\n<li><strong>Analyse-Cookies<\/strong>Mithilfe von Cookies erfassen wir relevante Daten \u00fcber Ihren Besuch auf dieser Website (z. B. besuchte Seiten, Verweildauer, Navigationspfade, Ger\u00e4tetyp usw.). Diese Daten dienen der Analyse des Website-Traffics, der Bewertung der Effektivit\u00e4t der Produktdarstellung (z. B. Zugriffsdaten auf Produktseiten von Energiespeicherschr\u00e4nken und -beh\u00e4ltern) sowie der Optimierung der Website-Struktur und des Inhaltslayouts. Diese Daten werden ausschlie\u00dflich f\u00fcr statistische Analysen verwendet und lassen keine R\u00fcckschl\u00fcsse auf Ihre Person zu.<\/li>\n\n\n\n<li><strong>Marketing-Cookies<\/strong>Diese Cookies speichern Ihre Browsing-Pr\u00e4ferenzen und Verhaltensdaten zu Energieprodukten (z. B. Ihr Interesse an fl\u00fcssigkeitsgek\u00fchlten Energiespeichersystemen, Container-Systemen usw.). Mithilfe dieser Informationen k\u00f6nnen wir Ihnen gezielte Marketinginhalte (z. B. Neuigkeiten zu Energiespeicherprodukten, Branchenl\u00f6sungen und Werbeaktionen) auf dieser Website oder \u00fcber Drittanbieterplattformen anzeigen und die Effektivit\u00e4t unserer Marketingkampagnen messen. Sie haben jederzeit das Recht, diese Cookies abzulehnen oder zu deaktivieren.<\/li>\n<\/ol>\n\n\n\n<h2 class=\"wp-block-heading\">II. Cookies von Drittanbietern<\/h2>\n\n\n\n<p>Wenn Sie diese Website besuchen, k\u00f6nnen auch Drittanbieter, mit denen wir zusammenarbeiten, Cookies auf Ihrem Ger\u00e4t platzieren. Zu diesen Drittanbietern geh\u00f6ren Analysedienstleister (z. B. Google Analytics), Marketingpartner und Social-Media-Plattformen. Deren Verwendung von Cookies unterliegt ihren eigenen Datenschutz- und Cookie-Richtlinien, nicht dieser Richtlinie. Wir haben keine Kontrolle \u00fcber diese Drittanbieter-Cookies und sind nicht f\u00fcr deren Datenerhebung und -nutzung verantwortlich. Wir empfehlen Ihnen, die Datenschutz- und Cookie-Richtlinien dieser Drittanbieter zu lesen, um deren Datenverarbeitungspraktiken zu verstehen.<\/p>\n\n\n\n<h2 class=\"wp-block-heading\">III. Ihre Rechte und Kontrollm\u00f6glichkeiten<\/h2>\n\n\n\n<p>Sie haben das Recht, Cookies nach Ihren Bed\u00fcrfnissen zu verwalten oder zu deaktivieren, mit Ausnahme notwendiger Cookies (diese k\u00f6nnen nicht deaktiviert werden, da sie f\u00fcr den Betrieb der Website unerl\u00e4sslich sind). Sie k\u00f6nnen die Einstellungen auf folgende Weise anpassen:<\/p>\n\n\n\n<ol class=\"wp-block-list\">\n<li><strong>Browsereinstellungen<\/strong>Sie k\u00f6nnen Ihre Browsereinstellungen so anpassen, dass alle oder bestimmte Arten von Cookies abgelehnt werden. Die genaue Vorgehensweise kann je nach Browser variieren. Ausf\u00fchrliche Anweisungen finden Sie in der Hilfedokumentation Ihres Browsers (z. B. Chrome, Firefox, Safari, Edge usw.). Bitte beachten Sie, dass einige Funktionen dieser Website eingeschr\u00e4nkt oder nicht verf\u00fcgbar sein k\u00f6nnen, wenn Sie bestimmte Cookies deaktivieren.<\/li>\n\n\n\n<li><strong>Opt-out-Tools<\/strong>Einige Analyse- oder Marketing-Cookies von Drittanbietern k\u00f6nnen Sie mithilfe der von diesen bereitgestellten Opt-out-Tools deaktivieren. Beispielsweise k\u00f6nnen Sie Ihre Pr\u00e4ferenzen \u00fcber die Opt-out-Plattformen der Network Advertising Initiative (NAI) oder der Digital Advertising Alliance (DAA) verwalten.<\/li>\n\n\n\n<li><strong>Banner zur Cookie-Einwilligung auf der Website<\/strong>Beim ersten Besuch dieser Website erscheint ein Banner zur Cookie-Einwilligung. Sie k\u00f6nnen dort alle Cookies akzeptieren, nicht notwendige Cookies ablehnen oder Ihre Cookie-Einstellungen anpassen. Ihre Einwilligungseinstellungen k\u00f6nnen Sie jederzeit im Bereich \u201cCookie-Einstellungen\u201d am Ende der Website \u00e4ndern.<\/li>\n<\/ol>\n\n\n\n<h2 class=\"wp-block-heading\">IV. Aufbewahrungsdauer von Cookies<\/h2>\n\n\n\n<p>Die Speicherdauer von Cookies variiert je nach Art des Cookies:<\/p>\n\n\n\n<ol class=\"wp-block-list\">\n<li><strong>Sitzungs-Cookies<\/strong>Diese Cookies werden tempor\u00e4r im Speicher Ihres Ger\u00e4ts gespeichert und automatisch gel\u00f6scht, wenn Sie Ihren Browser schlie\u00dfen.<\/li>\n\n\n\n<li><strong>Permanente Cookies<\/strong>Diese Cookies werden f\u00fcr einen l\u00e4ngeren Zeitraum auf Ihrem Ger\u00e4t gespeichert (wie in der Cookie-Datei oder von den jeweiligen Dienstanbietern angegeben). Sie bleiben g\u00fcltig, bis sie ablaufen oder von Ihnen manuell gel\u00f6scht werden. Wir speichern Cookies nur so lange, wie es f\u00fcr die Erreichung der angegebenen Zwecke erforderlich ist, und l\u00f6schen oder anonymisieren sie, sobald diese Zwecke erf\u00fcllt sind.<\/li>\n<\/ol>\n\n\n\n<h2 class=\"wp-block-heading\">V. Aktualisierungen dieser Cookie-Richtlinie<\/h2>\n\n\n\n<p>Wir k\u00f6nnen diese Cookie-Richtlinie von Zeit zu Zeit aktualisieren, um sie an \u00c4nderungen von Gesetzen, Verordnungen, technischen Standards oder gesch\u00e4ftlichen Erfordernissen anzupassen. Alle Aktualisierungen der Richtlinie werden auf dieser Seite ver\u00f6ffentlicht, und das Datum des Inkrafttretens oben wird entsprechend angepasst. Wir empfehlen Ihnen, diese Cookie-Richtlinie regelm\u00e4\u00dfig zu \u00fcberpr\u00fcfen, um \u00fcber etwaige \u00c4nderungen informiert zu bleiben. Ihre fortgesetzte Nutzung dieser Website nach Inkrafttreten der Aktualisierung gilt als Ihre Zustimmung zur ge\u00e4nderten Richtlinie.<\/p>\n\n\n\n<h2 class=\"wp-block-heading\">VI. Kontaktieren Sie uns<\/h2>\n\n\n\n<p>Sollten Sie Fragen, Bedenken oder Anfragen bez\u00fcglich dieser Cookie-Richtlinie oder unserer Verwendung von Cookies haben, kontaktieren Sie uns bitte \u00fcber die folgenden Kan\u00e4le:<\/p>\n\n\n\n<ul class=\"wp-block-list\">\n<li>Offizielle Website: <a href=\"https:\/\/nenghui.com\/de\/\" target=\"_blank\" rel=\"noreferrer noopener\">https:\/\/nenghui.com<\/a><\/li>\n<\/ul>","protected":false},"excerpt":{"rendered":"<p>WordPress Cookie Policy (Adapted for NENGHUI Energy Official Website) Effective Date: [January 14, 2026] Thank you for visiting NENGHUI Energy&#8217;s official website (https:\/\/nenghui.com, hereinafter referred to as &#8220;this Website&#8221;). This Website uses Cookies and similar tracking technologies to provide you with a higher-quality, safer, and more personalized browsing experience, while supporting the normal operation and [&hellip;]<\/p>","protected":false},"author":1,"featured_media":0,"parent":0,"menu_order":0,"comment_status":"closed","ping_status":"closed","template":"page-polocy-cookie.php","meta":{"footnotes":""},"class_list":["post-1569","page","type-page","status-publish","hentry"],"_links":{"self":[{"href":"https:\/\/nenghui.com\/de\/wp-json\/wp\/v2\/pages\/1569","targetHints":{"allow":["GET"]}}],"collection":[{"href":"https:\/\/nenghui.com\/de\/wp-json\/wp\/v2\/pages"}],"about":[{"href":"https:\/\/nenghui.com\/de\/wp-json\/wp\/v2\/types\/page"}],"author":[{"embeddable":true,"href":"https:\/\/nenghui.com\/de\/wp-json\/wp\/v2\/users\/1"}],"replies":[{"embeddable":true,"href":"https:\/\/nenghui.com\/de\/wp-json\/wp\/v2\/comments?post=1569"}],"version-history":[{"count":4,"href":"https:\/\/nenghui.com\/de\/wp-json\/wp\/v2\/pages\/1569\/revisions"}],"predecessor-version":[{"id":1645,"href":"https:\/\/nenghui.com\/de\/wp-json\/wp\/v2\/pages\/1569\/revisions\/1645"}],"wp:attachment":[{"href":"https:\/\/nenghui.com\/de\/wp-json\/wp\/v2\/media?parent=1569"}],"curies":[{"name":"wp","href":"https:\/\/api.w.org\/{rel}","templated":true}]}}