{"id":3,"date":"2025-06-21T21:25:40","date_gmt":"2025-06-21T13:25:40","guid":{"rendered":"http:\/\/nh.matepress.cn\/?page_id=3"},"modified":"2025-12-30T20:31:50","modified_gmt":"2025-12-30T12:31:50","slug":"privacy-policy-1","status":"publish","type":"page","link":"https:\/\/nenghui.com\/de\/privacy-policy-1\/","title":{"rendered":"Datenschutzbestimmungen"},"content":{"rendered":"<p><strong>Datenschutzbestimmungen<\/strong><strong><\/strong><\/p>\n\n\n\n<p>Diese Richtlinie gilt nur f\u00fcr die Produkte oder Dienstleistungen der Shanghai Nenghui Co., Ltd. &nbsp;<\/p>\n\n\n\n<p>Letzte Aktualisierung: 21. Oktober 2025<\/p>\n\n\n\n<p>Diese Richtlinie hilft Ihnen, Folgendes zu verstehen: &nbsp;<\/p>\n\n\n\n<p>1. Wie wir Ihre Nutzerinformationen erfassen und verwenden &nbsp;<\/p>\n\n\n\n<p>2. Wie wir Cookies und \u00e4hnliche Technologien verwenden &nbsp;<\/p>\n\n\n\n<p>3. Wie wir Ihre Nutzerinformationen weitergeben, \u00fcbertragen oder offenlegen &nbsp;<\/p>\n\n\n\n<p>4. Wie wir Ihre Benutzerinformationen sch\u00fctzen &nbsp;<\/p>\n\n\n\n<p>5. Ihre Rechte &nbsp;<\/p>\n\n\n\n<p>6. Speicherung und weltweite \u00dcbermittlung Ihrer Benutzerinformationen &nbsp;<\/p>\n\n\n\n<p>7. Wie diese Richtlinie aktualisiert wird &nbsp;<\/p>\n\n\n\n<p>8. So erreichen Sie uns &nbsp;<\/p>\n\n\n\n<p>Wir sind uns der Bedeutung Ihrer Nutzerdaten vollkommen bewusst und setzen uns f\u00fcr deren Sicherheit und Zuverl\u00e4ssigkeit ein. Um Ihr Vertrauen zu erhalten, halten wir uns an folgende Grunds\u00e4tze: Verantwortlichkeit, Zweckbindung, Einwilligung, Datenminimierung, Sicherheit, individuelle Beteiligung und Transparenz. Wir verpflichten uns, branchen\u00fcbliche Sicherheitsma\u00dfnahmen zum Schutz Ihrer Nutzerdaten anzuwenden. &nbsp;<\/p>\n\n\n\n<p>Bitte lesen und verstehen Sie diese Datenschutzrichtlinie sorgf\u00e4ltig, bevor Sie unsere Produkte (oder Dienstleistungen) nutzen. &nbsp;<\/p>\n\n\n\n<p>1. Wie wir Ihre Nutzerinformationen erfassen und verwenden &nbsp;<\/p>\n\n\n\n<p>(I) Informationen, die w\u00e4hrend Ihrer Nutzung unserer Produkte oder Dienstleistungen erfasst werden &nbsp;<\/p>\n\n\n\n<p>Wir erheben und nutzen Ihre Nutzerdaten ausschlie\u00dflich f\u00fcr die in dieser Richtlinie genannten Zwecke. Die Erhebung Ihrer Nutzerdaten ist erforderlich, um Ihnen Produkte oder Dienstleistungen anbieten zu k\u00f6nnen. Sie haben das Recht zu entscheiden, ob Sie diese Daten angeben m\u00f6chten. In den meisten F\u00e4llen k\u00f6nnen wir Ihnen die entsprechenden Dienstleistungen jedoch nicht anbieten oder Ihre Anfragen nicht bearbeiten, wenn Sie die Daten nicht angeben. &nbsp;<\/p>\n\n\n\n<p>Wenn Sie unsere Dienste nutzen, erm\u00e4chtigen Sie uns, Informationen zu erfassen, die Sie freiwillig angeben oder die f\u00fcr die Leistungserbringung erforderlich sind, einschlie\u00dflich: Handynummer, E-Mail-Adresse und grundlegende Identit\u00e4tsdaten (z. B. Name, Nationalit\u00e4t, Geschlecht, Beruf, Adresse, Kontaktdaten). &nbsp;<\/p>\n\n\n\n<p>Wir werden die gesammelten Nutzerinformationen nutzen, um Dienstleistungen wie Angebotserstellung, Kundendienst, technische Kommunikation und Identit\u00e4tspr\u00fcfung anzubieten. &nbsp;<\/p>\n\n\n\n<p>Wir werden erhobene Nutzerinformationen rechtm\u00e4\u00dfig anonymisieren. Informationen, die weder allein noch in Kombination mit anderen Daten eine nat\u00fcrliche Person identifizieren k\u00f6nnen, gelten nach geltendem Recht nicht als personenbezogene Daten. Werden nicht-personenbezogene Daten mit Ihren personenbezogenen Daten kombiniert, behandeln und sch\u00fctzen wir diese kombinierten Daten gem\u00e4\u00df dieser Richtlinie als personenbezogene Daten. &nbsp;<\/p>\n\n\n\n<p>Um unsere Abl\u00e4ufe, Technologien oder Dienstleistungen zu verbessern oder aufgrund von \u00c4nderungen unserer Gesch\u00e4ftsstrategien, werden wir Sie benachrichtigen und Ihre Einwilligung innerhalb einer angemessenen Frist einholen, falls die Erhebung, Nutzung oder Verarbeitung von Nutzerinformationen den oben beschriebenen Umfang \u00fcberschreitet oder falls wir beabsichtigen, erhobene Informationen f\u00fcr Zwecke zu verwenden, die in dieser Richtlinie nicht aufgef\u00fchrt sind. &nbsp;<\/p>\n\n\n\n<p>(II) Ausnahmen von den Einwilligungspflichten<\/p>\n\n\n\n<p>Gem\u00e4\u00df den geltenden Gesetzen und nationalen Standards k\u00f6nnen wir Ihre Nutzerdaten unter folgenden Umst\u00e4nden auch ohne Ihre vorherige Einwilligung erheben und verwenden: &nbsp;<\/p>\n\n\n\n<p>1. Im Zusammenhang mit der nationalen Sicherheit oder Verteidigung; &nbsp;<\/p>\n\n\n\n<p>2. Im Zusammenhang mit der \u00f6ffentlichen Sicherheit, der \u00f6ffentlichen Gesundheit oder wichtigen \u00f6ffentlichen Interessen; &nbsp;<\/p>\n\n\n\n<p>3. Im Zusammenhang mit strafrechtlichen Ermittlungen, Anklageerhebung, Gerichtsverhandlung oder Urteilsvollstreckung; &nbsp;<\/p>\n\n\n\n<p>4. Zum Schutz Ihres oder des Lebens, des Eigentums oder anderer wichtiger Rechte, wenn die Einholung einer Einwilligung nicht m\u00f6glich ist; &nbsp;<\/p>\n\n\n\n<p>5. Informationen, die Sie freiwillig der \u00d6ffentlichkeit zug\u00e4nglich gemacht haben; &nbsp;<\/p>\n\n\n\n<p>6. Informationen, die aus rechtm\u00e4\u00dfig zug\u00e4nglichen Quellen stammen (z. B. rechtm\u00e4\u00dfige Nachrichtenberichte oder Regierungsver\u00f6ffentlichungen); &nbsp;<\/p>\n\n\n\n<p>7. Notwendig zur Erf\u00fcllung eines Vertrags auf Ihren Wunsch; &nbsp;<\/p>\n\n\n\n<p>8. Notwendig, um den sicheren und stabilen Betrieb unserer Dienste zu gew\u00e4hrleisten (z. B. Erkennung oder Behebung technischer St\u00f6rungen); &nbsp;<\/p>\n\n\n\n<p>9. Notwendig f\u00fcr die rechtm\u00e4\u00dfige Berichterstattung durch Nachrichtenagenturen; &nbsp;<\/p>\n\n\n\n<p>10. Notwendig f\u00fcr akademische Forschung, die im \u00f6ffentlichen Interesse durchgef\u00fchrt wird, vorausgesetzt, die Ergebnisse werden anonymisiert; &nbsp;<\/p>\n\n\n\n<p>11. Andere gesetzlich zul\u00e4ssige Umst\u00e4nde. &nbsp;<\/p>\n\n\n\n<p>2. Wie wir Cookies und \u00e4hnliche Technologien verwenden &nbsp;<\/p>\n\n\n\n<p>(I) Cookies &nbsp;<\/p>\n\n\n\n<p>Um den reibungslosen Betrieb unserer Website zu gew\u00e4hrleisten, speichern wir m\u00f6glicherweise kleine Datendateien, sogenannte Cookies, auf Ihrem Ger\u00e4t. Cookies enthalten typischerweise Kennungen, Website-Namen und Zahlen\/Zeichen. Mithilfe von Cookies k\u00f6nnen wir Ihre Browsing-Einstellungen speichern. &nbsp;<\/p>\n\n\n\n<p>Wir verwenden Cookies ausschlie\u00dflich f\u00fcr Zwecke, die nicht in dieser Richtlinie beschrieben sind. Sie k\u00f6nnen Cookies \u00fcber Ihre Browsereinstellungen verwalten oder l\u00f6schen. Beachten Sie, dass das Blockieren von Cookies bei jedem Besuch unserer Website manuelle Anpassungen erfordern kann. &nbsp;<\/p>\n\n\n\n<p>(II) Web Beacons und Pixel-Tags &nbsp;<\/p>\n\n\n\n<p>Neben Cookies verwenden wir Web-Beacons und Pixel-Tags. Beispielsweise k\u00f6nnen unsere E-Mails Links enthalten, deren Nutzung getrackt wird, um Ihre Pr\u00e4ferenzen zu verstehen und unsere Services zu verbessern. Web-Beacons sind transparente Bilder, die in Websites oder E-Mails eingebettet sind. Pixel-Tags helfen dabei festzustellen, ob eine E-Mail ge\u00f6ffnet wird. Sie k\u00f6nnen sich abmelden, um dieses Tracking zu deaktivieren. &nbsp;<\/p>\n\n\n\n<p>(III) Nicht verfolgen &nbsp;<\/p>\n\n\n\n<p>Viele Browser bieten eine \u201eNicht verfolgen\u201c-Funktion (DNT). Obwohl es keine standardisierten Antworten auf DNT-Anfragen gibt, respektieren unsere Websites Ihre Entscheidung, wenn DNT aktiviert ist. &nbsp;<\/p>\n\n\n\n<p>3. Wie wir Ihre Nutzerinformationen weitergeben, \u00fcbertragen oder offenlegen &nbsp;<\/p>\n\n\n\n<p>(I) Teilen &nbsp;<\/p>\n\n\n\n<p>Wir geben Ihre Nutzerdaten nicht an Dritte weiter, au\u00dfer in den folgenden F\u00e4llen: &nbsp;<\/p>\n\n\n\n<p>1. Mit Ihrer ausdr\u00fccklichen Zustimmung; &nbsp;<\/p>\n\n\n\n<p>2. Zur Erf\u00fcllung gesetzlicher Verpflichtungen oder beh\u00f6rdlicher Anordnungen; &nbsp;<\/p>\n\n\n\n<p>3. Weitergabe an verbundene Unternehmen, beschr\u00e4nkt auf die hierin genannten notwendigen Informationen und Zwecke; &nbsp;<\/p>\n\n\n\n<p>4. Weitergabe an autorisierte Partner zur Verbesserung der Dienstleistungen. Die Partner m\u00fcssen Vertraulichkeitsvereinbarungen einhalten und die Informationen rechtm\u00e4\u00dfig verarbeiten. &nbsp;<\/p>\n\n\n\n<p>(II) \u00dcbertragung<\/p>\n\n\n\n<p>Wir werden Ihre Nutzerdaten nur in folgenden F\u00e4llen weitergeben: &nbsp;<\/p>\n\n\n\n<p>1. Mit Ihrer ausdr\u00fccklichen Zustimmung; &nbsp;<\/p>\n\n\n\n<p>2. Im Falle von Fusionen, \u00dcbernahmen oder Insolvenzen, sofern der Empf\u00e4nger weiterhin diese Richtlinie einh\u00e4lt. &nbsp;<\/p>\n\n\n\n<p>(III) Offenlegung &nbsp;<\/p>\n\n\n\n<p>Wir werden Ihre Nutzerinformationen nur dann weitergeben, wenn: &nbsp;<\/p>\n\n\n\n<p>1. Mit Ihrer ausdr\u00fccklichen Zustimmung; &nbsp;<\/p>\n\n\n\n<p>2. Um gesetzliche Bestimmungen einzuhalten. &nbsp;<\/p>\n\n\n\n<p>(IV) Ausnahmen von der Einwilligung zur Weitergabe, \u00dcbermittlung oder Offenlegung &nbsp;<\/p>\n\n\n\n<p>Soweit gesetzlich zul\u00e4ssig, k\u00f6nnen wir Informationen auch ohne Einwilligung weitergeben, \u00fcbertragen oder offenlegen, wenn die Umst\u00e4nde \u00e4hnlich wie in Abschnitt 1(II) beschrieben sind. &nbsp;<\/p>\n\n\n\n<p>4. Wie wir Ihre Benutzerinformationen sch\u00fctzen &nbsp;<\/p>\n\n\n\n<p>Wir setzen branchen\u00fcbliche Sicherheitsma\u00dfnahmen ein, um Ihre Daten zu sch\u00fctzen, darunter SSL-Verschl\u00fcsselung, HTTPS-Protokolle, Zugriffskontrollen und Mitarbeiterschulungen. Obwohl wir uns um maximale Sicherheit bem\u00fchen, ist kein System v\u00f6llig risikofrei. Im Falle einer Datenschutzverletzung werden wir Sie umgehend benachrichtigen und gegebenenfalls die zust\u00e4ndigen Beh\u00f6rden informieren. &nbsp;<\/p>\n\n\n\n<p>5. Ihre Rechte &nbsp;<\/p>\n\n\n\n<p>Sie haben das Recht auf: &nbsp;<\/p>\n\n\n\n<p>1. Greifen Sie auf Ihre Benutzerinformationen zu; &nbsp;<\/p>\n\n\n\n<p>2. Falsche Informationen korrigieren; &nbsp;<\/p>\n\n\n\n<p>3. L\u00f6schung von Informationen unter bestimmten Bedingungen (z. B. bei Rechtsverst\u00f6\u00dfen, Widerruf der Einwilligung); &nbsp;<\/p>\n\n\n\n<p>4. Widerruf der Einwilligung, was Auswirkungen auf die Verf\u00fcgbarkeit des Dienstes haben kann. &nbsp;<\/p>\n\n\n\n<p>Um diese Rechte auszu\u00fcben, kontaktieren Sie uns bitte per E-Mail unter Die.&nbsp;&nbsp;<\/p>\n\n\n\n<p>6. Speicherung und weltweite \u00dcbermittlung Ihrer Benutzerinformationen<\/p>\n\n\n\n<p>Nutzerdaten, die in China erhoben werden, werden im Inland gespeichert. Die Aufbewahrungsfristen entsprechen den gesetzlichen Bestimmungen. Bei globalen Aktivit\u00e4ten stellen wir sicher, dass Ihre Daten auch bei internationaler \u00dcbermittlung den chinesischen Standards entsprechen. &nbsp;<\/p>\n\n\n\n<p>7. Wie diese Richtlinie aktualisiert wird &nbsp;<\/p>\n\n\n\n<p>Wir behalten uns vor, diese Richtlinie zu aktualisieren und werden Sie \u00fcber wesentliche \u00c4nderungen (z. B. \u00c4nderungen des Servicemodells, Umstrukturierung der Eigentumsverh\u00e4ltnisse) informieren. Archivierte Versionen bleiben weiterhin zug\u00e4nglich. &nbsp;<\/p>\n\n\n\n<p>8. So erreichen Sie uns<\/p>\n\n\n\n<p>Bei Fragen oder Feedback kontaktieren Sie uns bitte \u00fcber: &nbsp;<\/p>\n\n\n\n<p>\u2013 E-Mail: &nbsp;<\/p>\n\n\n\n<p>\u2013 Telefon: +86 13381770019 &nbsp;<\/p>\n\n\n\n<p>Wir bem\u00fchen uns, innerhalb von 30 Tagen zu antworten. &nbsp;<\/p>","protected":false},"excerpt":{"rendered":"<p>Privacy Policy This policy applies only to the products or services of Shanghai Nenghui Co., Ltd. &nbsp; Last Updated: Oct.&nbsp;21, 2025 This policy will help you understand the following: &nbsp; 1. How We Collect and Use Your User Information &nbsp; 2. How We Use Cookies and Similar Technologies &nbsp; 3. How We Share, Transfer, or [&hellip;]<\/p>","protected":false},"author":1,"featured_media":0,"parent":0,"menu_order":0,"comment_status":"closed","ping_status":"closed","template":"page-polocy-cookie.php","meta":{"footnotes":""},"class_list":["post-3","page","type-page","status-publish","hentry"],"_links":{"self":[{"href":"https:\/\/nenghui.com\/de\/wp-json\/wp\/v2\/pages\/3","targetHints":{"allow":["GET"]}}],"collection":[{"href":"https:\/\/nenghui.com\/de\/wp-json\/wp\/v2\/pages"}],"about":[{"href":"https:\/\/nenghui.com\/de\/wp-json\/wp\/v2\/types\/page"}],"author":[{"embeddable":true,"href":"https:\/\/nenghui.com\/de\/wp-json\/wp\/v2\/users\/1"}],"replies":[{"embeddable":true,"href":"https:\/\/nenghui.com\/de\/wp-json\/wp\/v2\/comments?post=3"}],"version-history":[{"count":6,"href":"https:\/\/nenghui.com\/de\/wp-json\/wp\/v2\/pages\/3\/revisions"}],"predecessor-version":[{"id":1567,"href":"https:\/\/nenghui.com\/de\/wp-json\/wp\/v2\/pages\/3\/revisions\/1567"}],"wp:attachment":[{"href":"https:\/\/nenghui.com\/de\/wp-json\/wp\/v2\/media?parent=3"}],"curies":[{"name":"wp","href":"https:\/\/api.w.org\/{rel}","templated":true}]}}