{"id":1569,"date":"2025-12-30T21:04:12","date_gmt":"2025-12-30T13:04:12","guid":{"rendered":"https:\/\/nenghui.com\/?page_id=1569"},"modified":"2026-01-14T00:57:57","modified_gmt":"2026-01-13T16:57:57","slug":"cookie-policy","status":"publish","type":"page","link":"https:\/\/nenghui.com\/es\/cookie-policy\/","title":{"rendered":"POL\u00cdTICA DE COOKIES"},"content":{"rendered":"<h1 class=\"wp-block-heading\">Pol\u00edtica de cookies de WordPress (adaptada al sitio web oficial de NENGHUI Energy)<\/h1>\n\n\n\n<p>Fecha de entrada en vigor: [14 de enero de 2026]<\/p>\n\n\n\n<p>Gracias por visitar el sitio web oficial de NENGHUI Energy (<a href=\"https:\/\/nenghui.com\/es\/\" target=\"_blank\" rel=\"noreferrer noopener\">https:\/\/nenghui.com<\/a>, en adelante, &quot;este Sitio Web&quot;). Este Sitio Web utiliza Cookies y tecnolog\u00edas de seguimiento similares para brindarle una experiencia de navegaci\u00f3n de mayor calidad, m\u00e1s segura y personalizada, a la vez que facilita el funcionamiento normal y la optimizaci\u00f3n del servicio de las funciones del Sitio Web. Lea atentamente esta Pol\u00edtica de Cookies para comprender c\u00f3mo las usamos y los derechos que le corresponden. Su acceso o uso continuado de este Sitio Web constituye su consentimiento para que usemos Cookies de acuerdo con las disposiciones de esta Pol\u00edtica.<\/p>\n\n\n\n<h2 class=\"wp-block-heading\">I. Definici\u00f3n y clasificaci\u00f3n de las cookies<\/h2>\n\n\n\n<p>Las cookies son peque\u00f1os archivos de texto que el servidor del sitio web env\u00eda a su navegador y se almacenan en su dispositivo (ordenador, tel\u00e9fono m\u00f3vil, tableta, etc.). Contienen informaci\u00f3n relacionada con su visita a este sitio web. En funci\u00f3n de su finalidad y duraci\u00f3n, las cookies que utilizamos se clasifican principalmente en las siguientes categor\u00edas:<\/p>\n\n\n\n<ol class=\"wp-block-list\">\n<li><strong>Cookies necesarias<\/strong>Estas cookies son esenciales para el correcto funcionamiento de las funciones principales de este sitio web. Por ejemplo, verifican los derechos de acceso del usuario, mantienen el estado de la sesi\u00f3n, garantizan la seguridad del sitio web y facilitan las funciones b\u00e1sicas de navegaci\u00f3n. Si desactiva estas cookies, algunas funciones del sitio web no funcionar\u00e1n correctamente y no podremos ofrecerle todos los servicios.<\/li>\n\n\n\n<li><strong>Cookies funcionales<\/strong>Estas cookies se utilizan para mejorar la funcionalidad del sitio web y la experiencia del usuario. Nos ayudan a recordar sus preferencias (como la selecci\u00f3n de idioma, el modo de visualizaci\u00f3n de la p\u00e1gina, etc.), eliminando as\u00ed la necesidad de reconfigurarlas cada vez que lo visite. Adem\u00e1s, ayudan al sitio web a mostrar informaci\u00f3n personalizada sobre productos energ\u00e9ticos (como resultados filtrados de los par\u00e1metros de los equipos de almacenamiento de energ\u00eda, visualizaci\u00f3n de soluciones personalizadas, etc.), optimizando as\u00ed su navegaci\u00f3n y la eficiencia de las consultas.<\/li>\n\n\n\n<li><strong>Cookies anal\u00edticas<\/strong>Mediante estas cookies, recopilamos datos relevantes sobre su visita a este sitio web (como p\u00e1ginas visitadas, duraci\u00f3n de la estancia, rutas de navegaci\u00f3n, tipo de dispositivo, etc.). Estos datos se utilizan para analizar el tr\u00e1fico del sitio web, evaluar la eficacia de la visualizaci\u00f3n de los productos (como los datos de acceso a las p\u00e1ginas de productos de armarios y contenedores de almacenamiento de energ\u00eda) y optimizar la estructura del sitio web y el dise\u00f1o del contenido. Estos datos se utilizan \u00fanicamente para an\u00e1lisis estad\u00edstico y no identifican su identidad personal.<\/li>\n\n\n\n<li><strong>Cookies de marketing<\/strong>Estas cookies se utilizan para registrar sus preferencias de navegaci\u00f3n y datos de comportamiento relacionados con productos energ\u00e9ticos (como su inter\u00e9s en armarios ESS refrigerados por l\u00edquido, sistemas de almacenamiento de energ\u00eda en contenedores, etc.). Con esta informaci\u00f3n, podemos mostrar contenido de marketing espec\u00edfico (como novedades sobre nuevos productos de almacenamiento de energ\u00eda, soluciones para el sector y actividades promocionales) en este sitio web o a trav\u00e9s de plataformas de terceros, y medir la eficacia de las campa\u00f1as de marketing. Tiene derecho a rechazar o desactivar estas cookies en cualquier momento.<\/li>\n<\/ol>\n\n\n\n<h2 class=\"wp-block-heading\">II. Cookies de terceros<\/h2>\n\n\n\n<p>Al visitar este sitio web, es posible que los proveedores de servicios externos con los que colaboramos tambi\u00e9n instalen cookies en su dispositivo. Estos terceros incluyen proveedores de servicios anal\u00edticos (p. ej., Google Analytics), socios de marketing y plataformas de redes sociales. El uso de cookies por parte de estos terceros est\u00e1 sujeto a sus propias pol\u00edticas de privacidad y de cookies, no a esta Pol\u00edtica. No controlamos estas cookies de terceros ni nos responsabilizamos de la recopilaci\u00f3n y el uso de datos que hagan de ellas. Le recomendamos que revise las pol\u00edticas de privacidad y de cookies de estos terceros para comprender sus pr\u00e1cticas de procesamiento de datos.<\/p>\n\n\n\n<h2 class=\"wp-block-heading\">III. Sus derechos y m\u00e9todos de control<\/h2>\n\n\n\n<p>Tiene derecho a gestionar o desactivar las cookies seg\u00fan sus necesidades, excepto las cookies necesarias (que no se pueden desactivar, ya que son esenciales para el funcionamiento del sitio web). Puede ajustar la configuraci\u00f3n mediante los siguientes m\u00e9todos:<\/p>\n\n\n\n<ol class=\"wp-block-list\">\n<li><strong>Configuraci\u00f3n del navegador<\/strong>Puede modificar la configuraci\u00f3n de su navegador para rechazar todas o ciertos tipos de cookies. Los m\u00e9todos de funcionamiento espec\u00edficos pueden variar seg\u00fan el tipo de navegador. Para obtener instrucciones detalladas, consulte la documentaci\u00f3n de ayuda de su navegador (como Chrome, Firefox, Safari, Edge, etc.). Tenga en cuenta que si desactiva ciertas cookies, algunas funciones de este sitio web podr\u00edan verse restringidas o no estar disponibles.<\/li>\n\n\n\n<li><strong>Herramientas de exclusi\u00f3n voluntaria<\/strong>Para algunas cookies anal\u00edticas o de marketing proporcionadas por terceros, puede utilizar las herramientas de inhabilitaci\u00f3n proporcionadas por dichos terceros para desactivarlas. Por ejemplo, puede gestionar sus preferencias a trav\u00e9s de las plataformas de inhabilitaci\u00f3n de la Iniciativa de Publicidad en Red (NAI) o la Alianza de Publicidad Digital (DAA).<\/li>\n\n\n\n<li><strong>Banner de consentimiento de cookies del sitio web<\/strong>Al visitar este sitio web por primera vez, aparecer\u00e1 un banner de consentimiento de cookies. Puede aceptar todas las cookies, rechazar las innecesarias o personalizar sus preferencias de cookies a trav\u00e9s del banner. Puede revisar su configuraci\u00f3n de consentimiento en cualquier momento accediendo a la secci\u00f3n &quot;Configuraci\u00f3n de cookies&quot; en la parte inferior del sitio web.<\/li>\n<\/ol>\n\n\n\n<h2 class=\"wp-block-heading\">IV. Periodo de conservaci\u00f3n de las cookies<\/h2>\n\n\n\n<p>El periodo de conservaci\u00f3n de las Cookies var\u00eda en funci\u00f3n de su tipo:<\/p>\n\n\n\n<ol class=\"wp-block-list\">\n<li><strong>Cookies de sesi\u00f3n<\/strong>:Estas cookies se almacenan temporalmente en la memoria de su dispositivo y se eliminar\u00e1n autom\u00e1ticamente cuando cierre su navegador.<\/li>\n\n\n\n<li><strong>Cookies persistentes<\/strong>Estas cookies se almacenan en su dispositivo durante un periodo m\u00e1s largo (seg\u00fan lo especificado en el archivo de cookies o por los proveedores de servicios correspondientes). Permanecer\u00e1n v\u00e1lidas hasta que caduquen o usted las elimine manualmente. Solo conservaremos las cookies durante el tiempo necesario para lograr los fines indicados y las eliminaremos o anonimizaremos una vez cumplidos.<\/li>\n<\/ol>\n\n\n\n<h2 class=\"wp-block-heading\">V. Actualizaciones de esta Pol\u00edtica de Cookies<\/h2>\n\n\n\n<p>Podemos actualizar esta Pol\u00edtica de Cookies peri\u00f3dicamente para adaptarla a cambios en la legislaci\u00f3n, la normativa, las normas t\u00e9cnicas o las necesidades del negocio. Cualquier actualizaci\u00f3n de la Pol\u00edtica se publicar\u00e1 en esta p\u00e1gina y la &quot;Fecha de entrada en vigor&quot; en la parte superior se revisar\u00e1 en consecuencia. Le recomendamos que revise esta Pol\u00edtica de Cookies peri\u00f3dicamente para mantenerse al tanto de cualquier cambio. Su uso continuado de este sitio web despu\u00e9s de la entrada en vigor de la actualizaci\u00f3n constituye su aceptaci\u00f3n de la Pol\u00edtica revisada.<\/p>\n\n\n\n<h2 class=\"wp-block-heading\">VI. Cont\u00e1ctenos<\/h2>\n\n\n\n<p>Si tiene alguna pregunta, inquietud o solicitud con respecto a esta Pol\u00edtica de cookies o nuestro uso de cookies, cont\u00e1ctenos a trav\u00e9s de los siguientes canales:<\/p>\n\n\n\n<ul class=\"wp-block-list\">\n<li>Sitio web oficial: <a href=\"https:\/\/nenghui.com\/es\/\" target=\"_blank\" rel=\"noreferrer noopener\">https:\/\/nenghui.com<\/a><\/li>\n<\/ul>","protected":false},"excerpt":{"rendered":"<p>WordPress Cookie Policy (Adapted for NENGHUI Energy Official Website) Effective Date: [January 14, 2026] Thank you for visiting NENGHUI Energy&#8217;s official website (https:\/\/nenghui.com, hereinafter referred to as &#8220;this Website&#8221;). This Website uses Cookies and similar tracking technologies to provide you with a higher-quality, safer, and more personalized browsing experience, while supporting the normal operation and [&hellip;]<\/p>","protected":false},"author":1,"featured_media":0,"parent":0,"menu_order":0,"comment_status":"closed","ping_status":"closed","template":"page-polocy-cookie.php","meta":{"footnotes":""},"class_list":["post-1569","page","type-page","status-publish","hentry"],"_links":{"self":[{"href":"https:\/\/nenghui.com\/es\/wp-json\/wp\/v2\/pages\/1569","targetHints":{"allow":["GET"]}}],"collection":[{"href":"https:\/\/nenghui.com\/es\/wp-json\/wp\/v2\/pages"}],"about":[{"href":"https:\/\/nenghui.com\/es\/wp-json\/wp\/v2\/types\/page"}],"author":[{"embeddable":true,"href":"https:\/\/nenghui.com\/es\/wp-json\/wp\/v2\/users\/1"}],"replies":[{"embeddable":true,"href":"https:\/\/nenghui.com\/es\/wp-json\/wp\/v2\/comments?post=1569"}],"version-history":[{"count":4,"href":"https:\/\/nenghui.com\/es\/wp-json\/wp\/v2\/pages\/1569\/revisions"}],"predecessor-version":[{"id":1645,"href":"https:\/\/nenghui.com\/es\/wp-json\/wp\/v2\/pages\/1569\/revisions\/1645"}],"wp:attachment":[{"href":"https:\/\/nenghui.com\/es\/wp-json\/wp\/v2\/media?parent=1569"}],"curies":[{"name":"wp","href":"https:\/\/api.w.org\/{rel}","templated":true}]}}