{"id":3,"date":"2025-06-21T21:25:40","date_gmt":"2025-06-21T13:25:40","guid":{"rendered":"http:\/\/nh.matepress.cn\/?page_id=3"},"modified":"2025-12-30T20:31:50","modified_gmt":"2025-12-30T12:31:50","slug":"privacy-policy-1","status":"publish","type":"page","link":"https:\/\/nenghui.com\/es\/privacy-policy-1\/","title":{"rendered":"Pol\u00edtica de privacidad"},"content":{"rendered":"<p><strong>Pol\u00edtica de privacidad<\/strong><strong><\/strong><\/p>\n\n\n\n<p>Esta pol\u00edtica se aplica \u00fanicamente a los productos o servicios de Shanghai Nenghui Co., Ltd. &nbsp;<\/p>\n\n\n\n<p>\u00daltima actualizaci\u00f3n: 21 de octubre de 2025<\/p>\n\n\n\n<p>Esta pol\u00edtica le ayudar\u00e1 a comprender lo siguiente: &nbsp;<\/p>\n\n\n\n<p>1. C\u00f3mo recopilamos y utilizamos su informaci\u00f3n de usuario &nbsp;<\/p>\n\n\n\n<p>2. C\u00f3mo utilizamos las cookies y tecnolog\u00edas similares &nbsp;<\/p>\n\n\n\n<p>3. C\u00f3mo compartimos, transferimos o divulgamos su informaci\u00f3n de usuario &nbsp;<\/p>\n\n\n\n<p>4. C\u00f3mo protegemos su informaci\u00f3n de usuario &nbsp;<\/p>\n\n\n\n<p>5. Sus derechos &nbsp;<\/p>\n\n\n\n<p>6. Almacenamiento y transferencia global de su informaci\u00f3n de usuario &nbsp;<\/p>\n\n\n\n<p>7. C\u00f3mo se actualiza esta pol\u00edtica &nbsp;<\/p>\n\n\n\n<p>8. C\u00f3mo contactarnos &nbsp;<\/p>\n\n\n\n<p>Comprendemos plenamente la importancia de su informaci\u00f3n de usuario y nos comprometemos a proteger su seguridad y fiabilidad. Nos esforzamos por mantener su confianza adhiri\u00e9ndonos a los siguientes principios: responsabilidad, limitaci\u00f3n de la finalidad, consentimiento, minimizaci\u00f3n de datos, seguridad, participaci\u00f3n individual y transparencia. Nos comprometemos a adoptar medidas de seguridad est\u00e1ndar para proteger su informaci\u00f3n de usuario. &nbsp;<\/p>\n\n\n\n<p>Lea y comprenda esta Pol\u00edtica de privacidad detenidamente antes de utilizar nuestros productos (o servicios). &nbsp;<\/p>\n\n\n\n<p>1. C\u00f3mo recopilamos y utilizamos su informaci\u00f3n de usuario &nbsp;<\/p>\n\n\n\n<p>(I) Informaci\u00f3n recopilada durante su uso de nuestros productos o servicios &nbsp;<\/p>\n\n\n\n<p>Solo recopilamos y utilizamos su informaci\u00f3n de usuario para los fines establecidos en esta pol\u00edtica. La recopilaci\u00f3n de informaci\u00f3n de usuario es necesaria para proporcionarle productos o servicios. Tiene derecho a elegir si desea proporcionar dicha informaci\u00f3n. Sin embargo, en la mayor\u00eda de los casos, si decide no proporcionarla, es posible que no podamos prestarle los servicios correspondientes ni atender sus consultas. &nbsp;<\/p>\n\n\n\n<p>Al utilizar nuestros servicios, usted nos autoriza a recopilar informaci\u00f3n que usted proporciona voluntariamente o que es necesaria para la prestaci\u00f3n del servicio, incluyendo: n\u00famero de tel\u00e9fono m\u00f3vil, direcci\u00f3n de correo electr\u00f3nico e informaci\u00f3n b\u00e1sica de identidad (por ejemplo, nombre, nacionalidad, g\u00e9nero, ocupaci\u00f3n, direcci\u00f3n, datos de contacto). &nbsp;<\/p>\n\n\n\n<p>Utilizaremos la informaci\u00f3n recopilada del usuario para brindar servicios como cotizaciones, soporte posventa, comunicaci\u00f3n t\u00e9cnica y verificaci\u00f3n de identidad. &nbsp;<\/p>\n\n\n\n<p>Desenmascararemos o anonimizaremos legalmente la informaci\u00f3n recopilada del usuario. La informaci\u00f3n que no permita identificar a una persona f\u00edsica, por s\u00ed sola o en combinaci\u00f3n con otros datos, no se considera informaci\u00f3n personal seg\u00fan la legislaci\u00f3n aplicable. Si se combina informaci\u00f3n no personal con su informaci\u00f3n personal, trataremos y protegeremos dicha informaci\u00f3n combinada como informaci\u00f3n personal seg\u00fan esta pol\u00edtica. &nbsp;<\/p>\n\n\n\n<p>Para mejorar nuestras operaciones, tecnolog\u00eda, servicios o debido a cambios en las estrategias comerciales, si la recopilaci\u00f3n, el uso o el procesamiento de la informaci\u00f3n del usuario excede el alcance descrito anteriormente, o si tenemos la intenci\u00f3n de utilizar la informaci\u00f3n recopilada para fines no establecidos en esta pol\u00edtica, se lo notificaremos y obtendremos su consentimiento dentro de un per\u00edodo razonable. &nbsp;<\/p>\n\n\n\n<p>(II) Excepciones a los requisitos de consentimiento<\/p>\n\n\n\n<p>Seg\u00fan las leyes aplicables y los est\u00e1ndares nacionales, podemos recopilar y utilizar su informaci\u00f3n de usuario sin consentimiento previo en las siguientes circunstancias: &nbsp;<\/p>\n\n\n\n<p>1. Relacionados con la seguridad nacional o la defensa; &nbsp;<\/p>\n\n\n\n<p>2. Relacionados con la seguridad p\u00fablica, la salud p\u00fablica o intereses p\u00fablicos importantes; &nbsp;<\/p>\n\n\n\n<p>3. Relacionados con investigaciones penales, persecuci\u00f3n, juicio o ejecuci\u00f3n de sentencias; &nbsp;<\/p>\n\n\n\n<p>4. Para proteger su vida, propiedad u otros derechos legales importantes o los de otras personas cuando no sea posible obtener el consentimiento; &nbsp;<\/p>\n\n\n\n<p>5. Informaci\u00f3n que usted haya revelado voluntariamente al p\u00fablico; &nbsp;<\/p>\n\n\n\n<p>6. Informaci\u00f3n obtenida de canales legalmente divulgados (por ejemplo, informes de noticias legales o divulgaciones gubernamentales); &nbsp;<\/p>\n\n\n\n<p>7. Necesario para el cumplimiento de un contrato a petici\u00f3n suya; &nbsp;<\/p>\n\n\n\n<p>8. Necesario para garantizar el funcionamiento seguro y estable de nuestros servicios (por ejemplo, detectar o resolver fallos t\u00e9cnicos); &nbsp;<\/p>\n\n\n\n<p>9. Necesario para la difusi\u00f3n legal de noticias por parte de las agencias de noticias; &nbsp;<\/p>\n\n\n\n<p>10. Necesario para investigaciones acad\u00e9micas realizadas en inter\u00e9s p\u00fablico, siempre que los resultados sean an\u00f3nimos; &nbsp;<\/p>\n\n\n\n<p>11. Otras circunstancias permitidas por la ley. &nbsp;<\/p>\n\n\n\n<p>2. C\u00f3mo utilizamos las cookies y tecnolog\u00edas similares &nbsp;<\/p>\n\n\n\n<p>(I) Cookies &nbsp;<\/p>\n\n\n\n<p>Para garantizar el correcto funcionamiento del sitio web, podemos almacenar peque\u00f1os archivos de datos llamados cookies en su dispositivo. Las cookies suelen contener identificadores, nombres de sitios web y n\u00fameros\/caracteres. Nos permiten almacenar sus preferencias de navegaci\u00f3n. &nbsp;<\/p>\n\n\n\n<p>No utilizaremos cookies para fines ajenos a esta pol\u00edtica. Puede gestionar o eliminar las cookies mediante la configuraci\u00f3n de su navegador. Tenga en cuenta que bloquear las cookies puede requerir ajustes manuales cada vez que visite nuestro sitio web. &nbsp;<\/p>\n\n\n\n<p>(II) Balizas web y etiquetas de p\u00edxeles &nbsp;<\/p>\n\n\n\n<p>Adem\u00e1s de las cookies, utilizamos balizas web y p\u00edxeles de seguimiento. Por ejemplo, los correos electr\u00f3nicos que enviamos pueden incluir enlaces rastreados para comprender sus preferencias y mejorar los servicios. Las balizas web son im\u00e1genes transparentes incrustadas en sitios web o correos electr\u00f3nicos. Los p\u00edxeles de seguimiento ayudan a determinar si se abre un correo electr\u00f3nico. Puede cancelar su suscripci\u00f3n para evitar dicho seguimiento. &nbsp;<\/p>\n\n\n\n<p>(III) No rastrear &nbsp;<\/p>\n\n\n\n<p>Muchos navegadores ofrecen la funci\u00f3n de No Rastrear (DNT). Si bien no existen respuestas estandarizadas para las solicitudes DNT, nuestros sitios web respetar\u00e1n su decisi\u00f3n si la funci\u00f3n DNT est\u00e1 habilitada. &nbsp;<\/p>\n\n\n\n<p>3. C\u00f3mo compartimos, transferimos o divulgamos su informaci\u00f3n de usuario &nbsp;<\/p>\n\n\n\n<p>(I) Compartir &nbsp;<\/p>\n\n\n\n<p>No compartiremos su informaci\u00f3n de usuario con terceros excepto en los siguientes casos: &nbsp;<\/p>\n\n\n\n<p>1. Con su consentimiento expl\u00edcito; &nbsp;<\/p>\n\n\n\n<p>2. Para cumplir con obligaciones legales u \u00f3rdenes gubernamentales; &nbsp;<\/p>\n\n\n\n<p>3. Compartir con afiliados, limitado a la informaci\u00f3n necesaria y los fines aqu\u00ed establecidos; &nbsp;<\/p>\n\n\n\n<p>4. Compartir con socios autorizados para mejorar los servicios. Los socios deben cumplir con los acuerdos de confidencialidad y procesar la informaci\u00f3n de forma legal. &nbsp;<\/p>\n\n\n\n<p>(II) Transfer<\/p>\n\n\n\n<p>No transferiremos su informaci\u00f3n de usuario excepto: &nbsp;<\/p>\n\n\n\n<p>1. Con su consentimiento expl\u00edcito; &nbsp;<\/p>\n\n\n\n<p>2. Durante fusiones, adquisiciones o quiebras, siempre que el beneficiario contin\u00fae cumpliendo con esta pol\u00edtica. &nbsp;<\/p>\n\n\n\n<p>(III) Divulgaci\u00f3n &nbsp;<\/p>\n\n\n\n<p>Solo divulgaremos su informaci\u00f3n de usuario: &nbsp;<\/p>\n\n\n\n<p>1. Con su consentimiento expl\u00edcito; &nbsp;<\/p>\n\n\n\n<p>2. Para cumplir con los requisitos legales. &nbsp;<\/p>\n\n\n\n<p>(IV) Excepciones al consentimiento para compartir, transferir o divulgar &nbsp;<\/p>\n\n\n\n<p>Seg\u00fan lo permita la ley, podemos compartir, transferir o divulgar informaci\u00f3n sin consentimiento en circunstancias similares a la Secci\u00f3n 1(II). &nbsp;<\/p>\n\n\n\n<p>4. C\u00f3mo protegemos su informaci\u00f3n de usuario &nbsp;<\/p>\n\n\n\n<p>Implementamos medidas est\u00e1ndar de la industria para proteger su informaci\u00f3n, incluyendo cifrado SSL, protocolos HTTPS, controles de acceso y capacitaci\u00f3n del personal. Si bien nos esforzamos por garantizar la seguridad, ning\u00fan sistema est\u00e1 completamente libre de riesgos. En caso de una filtraci\u00f3n, le notificaremos de inmediato e informaremos a las autoridades seg\u00fan corresponda. &nbsp;<\/p>\n\n\n\n<p>5. Sus derechos &nbsp;<\/p>\n\n\n\n<p>Tienes derecho a: &nbsp;<\/p>\n\n\n\n<p>1. Acceder a su informaci\u00f3n de usuario; &nbsp;<\/p>\n\n\n\n<p>2. Corregir informaci\u00f3n inexacta; &nbsp;<\/p>\n\n\n\n<p>3. Eliminar informaci\u00f3n en condiciones espec\u00edficas (por ejemplo, violaciones legales, revocaci\u00f3n del consentimiento); &nbsp;<\/p>\n\n\n\n<p>4. Retirar el consentimiento, lo que puede afectar la disponibilidad del servicio. &nbsp;<\/p>\n\n\n\n<p>Para ejercer estos derechos, cont\u00e1ctenos por correo electr\u00f3nico a .&nbsp;&nbsp;<\/p>\n\n\n\n<p>6. Almacenamiento y transferencia global de su informaci\u00f3n de usuario<\/p>\n\n\n\n<p>La informaci\u00f3n de usuario recopilada en China se almacena a nivel nacional. Los periodos de retenci\u00f3n cumplen con los requisitos legales. Para operaciones globales, garantizamos que su informaci\u00f3n reciba una protecci\u00f3n equivalente a la de los est\u00e1ndares chinos, incluso al transferirse internacionalmente. &nbsp;<\/p>\n\n\n\n<p>7. C\u00f3mo se actualiza esta pol\u00edtica &nbsp;<\/p>\n\n\n\n<p>Podemos actualizar esta pol\u00edtica y le notificaremos sobre cambios significativos (por ejemplo, cambios en el modelo de servicio o reestructuraci\u00f3n de la propiedad). Las versiones archivadas permanecer\u00e1n accesibles. &nbsp;<\/p>\n\n\n\n<p>8. C\u00f3mo contactarnos<\/p>\n\n\n\n<p>Para preguntas o comentarios, cont\u00e1ctenos a trav\u00e9s de: &nbsp;<\/p>\n\n\n\n<p>- Correo electr\u00f3nico: &nbsp;<\/p>\n\n\n\n<p>\u2013 Tel\u00e9fono: +86 13381770019 &nbsp;<\/p>\n\n\n\n<p>Nuestro objetivo es responder dentro de 30 d\u00edas. &nbsp;<\/p>","protected":false},"excerpt":{"rendered":"<p>Privacy Policy This policy applies only to the products or services of Shanghai Nenghui Co., Ltd. &nbsp; Last Updated: Oct.&nbsp;21, 2025 This policy will help you understand the following: &nbsp; 1. How We Collect and Use Your User Information &nbsp; 2. How We Use Cookies and Similar Technologies &nbsp; 3. How We Share, Transfer, or [&hellip;]<\/p>","protected":false},"author":1,"featured_media":0,"parent":0,"menu_order":0,"comment_status":"closed","ping_status":"closed","template":"page-polocy-cookie.php","meta":{"footnotes":""},"class_list":["post-3","page","type-page","status-publish","hentry"],"_links":{"self":[{"href":"https:\/\/nenghui.com\/es\/wp-json\/wp\/v2\/pages\/3","targetHints":{"allow":["GET"]}}],"collection":[{"href":"https:\/\/nenghui.com\/es\/wp-json\/wp\/v2\/pages"}],"about":[{"href":"https:\/\/nenghui.com\/es\/wp-json\/wp\/v2\/types\/page"}],"author":[{"embeddable":true,"href":"https:\/\/nenghui.com\/es\/wp-json\/wp\/v2\/users\/1"}],"replies":[{"embeddable":true,"href":"https:\/\/nenghui.com\/es\/wp-json\/wp\/v2\/comments?post=3"}],"version-history":[{"count":6,"href":"https:\/\/nenghui.com\/es\/wp-json\/wp\/v2\/pages\/3\/revisions"}],"predecessor-version":[{"id":1567,"href":"https:\/\/nenghui.com\/es\/wp-json\/wp\/v2\/pages\/3\/revisions\/1567"}],"wp:attachment":[{"href":"https:\/\/nenghui.com\/es\/wp-json\/wp\/v2\/media?parent=3"}],"curies":[{"name":"wp","href":"https:\/\/api.w.org\/{rel}","templated":true}]}}