{"id":1569,"date":"2025-12-30T21:04:12","date_gmt":"2025-12-30T13:04:12","guid":{"rendered":"https:\/\/nenghui.com\/?page_id=1569"},"modified":"2026-01-14T00:57:57","modified_gmt":"2026-01-13T16:57:57","slug":"cookie-policy","status":"publish","type":"page","link":"https:\/\/nenghui.com\/fr\/cookie-policy\/","title":{"rendered":"COOKIE POLICY"},"content":{"rendered":"<h1 class=\"wp-block-heading\">Politique de cookies de WordPress (Adapt\u00e9e pour le site officiel de NENGHUI Energy)<\/h1>\n\n\n\n<p>Date d&#039;entr\u00e9e en vigueur : [14 janvier 2026]<\/p>\n\n\n\n<p>Merci d&#039;avoir visit\u00e9 le site officiel de NENGHUI Energy (<a href=\"https:\/\/nenghui.com\/fr\/\" target=\"_blank\" rel=\"noreferrer noopener\">https:\/\/nenghui.com<\/a>, Ce site Web (ci-apr\u00e8s d\u00e9nomm\u00e9 \u201c\u00a0le pr\u00e9sent site\u00a0\u201d) utilise des cookies et des technologies similaires afin de vous offrir une exp\u00e9rience de navigation plus performante, plus s\u00fbre et plus personnalis\u00e9e, tout en assurant le bon fonctionnement et l\u2019optimisation des services du site. Veuillez lire attentivement la pr\u00e9sente Politique relative aux cookies pour comprendre comment nous utilisons les cookies et quels sont vos droits en la mati\u00e8re. En continuant d\u2019acc\u00e9der \u00e0 ce site ou de l\u2019utiliser, vous consentez \u00e0 l\u2019utilisation de cookies conform\u00e9ment aux dispositions de la pr\u00e9sente Politique.<\/p>\n\n\n\n<h2 class=\"wp-block-heading\">I. D\u00e9finition et classification des cookies<\/h2>\n\n\n\n<p>Les cookies sont de petits fichiers texte envoy\u00e9s par le serveur du site web \u00e0 votre navigateur et stock\u00e9s sur votre appareil (ordinateur, t\u00e9l\u00e9phone portable, tablette, etc.). Ils contiennent des informations relatives \u00e0 votre visite sur ce site web. Selon leur finalit\u00e9 et leur dur\u00e9e de vie, les cookies que nous utilisons sont principalement class\u00e9s dans les cat\u00e9gories suivantes\u00a0:<\/p>\n\n\n\n<ol class=\"wp-block-list\">\n<li><strong>Cookies n\u00e9cessaires<\/strong>Ces cookies sont indispensables au bon fonctionnement des fonctionnalit\u00e9s essentielles de ce site web. Ils permettent notamment de v\u00e9rifier les droits d&#039;acc\u00e8s des utilisateurs, de maintenir l&#039;\u00e9tat de la session, de garantir la s\u00e9curit\u00e9 du site et de prendre en charge les fonctions de navigation de base. Si vous d\u00e9sactivez ces cookies, certaines fonctionnalit\u00e9s du site ne fonctionneront pas correctement et nous ne pourrons pas vous fournir l&#039;int\u00e9gralit\u00e9 de nos services.<\/li>\n\n\n\n<li><strong>Cookies fonctionnels<\/strong>Ces cookies servent \u00e0 am\u00e9liorer le fonctionnement du site web et votre exp\u00e9rience utilisateur. Ils nous permettent de m\u00e9moriser vos pr\u00e9f\u00e9rences (langue, mode d&#039;affichage, etc.) et vous \u00e9vitent ainsi de les reconfigurer \u00e0 chaque visite. De plus, ils permettent au site web d&#039;afficher des informations personnalis\u00e9es sur les produits \u00e9nerg\u00e9tiques (r\u00e9sultats filtr\u00e9s concernant les param\u00e8tres des \u00e9quipements de stockage d&#039;\u00e9nergie, solutions personnalis\u00e9es, etc.), optimisant ainsi votre navigation et l&#039;efficacit\u00e9 de vos recherches.<\/li>\n\n\n\n<li><strong>Cookies analytiques<\/strong>Gr\u00e2ce \u00e0 ces cookies, nous recueillons des donn\u00e9es pertinentes concernant votre visite sur ce site web (pages consult\u00e9es, dur\u00e9e de la visite, parcours de navigation, type d&#039;appareil, etc.). Ces donn\u00e9es servent \u00e0 analyser le trafic du site, \u00e0 \u00e9valuer l&#039;efficacit\u00e9 de l&#039;affichage des produits (notamment les donn\u00e9es d&#039;acc\u00e8s aux pages produits des armoires et conteneurs de stockage d&#039;\u00e9nergie) et \u00e0 optimiser la structure et la mise en page du site. Ces donn\u00e9es sont exclusivement destin\u00e9es \u00e0 des analyses statistiques et ne permettent pas de vous identifier personnellement.<\/li>\n\n\n\n<li><strong>Cookies marketing<\/strong>Ces cookies servent \u00e0 enregistrer vos pr\u00e9f\u00e9rences de navigation et vos donn\u00e9es comportementales relatives aux produits \u00e9nerg\u00e9tiques (comme votre int\u00e9r\u00eat pour les armoires de stockage d&#039;\u00e9nergie \u00e0 refroidissement liquide, les syst\u00e8mes de stockage d&#039;\u00e9nergie conteneuris\u00e9s, etc.). Gr\u00e2ce \u00e0 ces informations, nous pouvons afficher des contenus marketing cibl\u00e9s (tels que des mises \u00e0 jour sur les nouveaux produits de stockage d&#039;\u00e9nergie, les solutions sectorielles et les offres promotionnelles) sur ce site web ou via des plateformes tierces, et mesurer l&#039;efficacit\u00e9 de nos campagnes marketing. Vous pouvez refuser ou d\u00e9sactiver ces cookies \u00e0 tout moment.<\/li>\n<\/ol>\n\n\n\n<h2 class=\"wp-block-heading\">II. Cookies tiers<\/h2>\n\n\n\n<p>Lorsque vous consultez ce site Web, des prestataires de services tiers avec lesquels nous collaborons peuvent \u00e9galement d\u00e9poser des cookies sur votre appareil. Ces tiers incluent des fournisseurs de services d&#039;analyse (par exemple, Google Analytics), des partenaires marketing et des plateformes de m\u00e9dias sociaux. Leur utilisation des cookies est soumise \u00e0 leurs propres politiques de confidentialit\u00e9 et de cookies, et non \u00e0 la pr\u00e9sente politique. Nous n&#039;exer\u00e7ons aucun contr\u00f4le sur ces cookies tiers et ne sommes pas responsables de la collecte et de l&#039;utilisation de vos donn\u00e9es par ces derniers. Nous vous recommandons de consulter les politiques de confidentialit\u00e9 et de cookies de ces tiers afin de comprendre leurs pratiques en mati\u00e8re de traitement des donn\u00e9es.<\/p>\n\n\n\n<h2 class=\"wp-block-heading\">III. Vos droits et vos moyens de contr\u00f4le<\/h2>\n\n\n\n<p>Vous avez le droit de g\u00e9rer ou de d\u00e9sactiver les cookies selon vos besoins, \u00e0 l&#039;exception des cookies n\u00e9cessaires (qui ne peuvent pas \u00eatre d\u00e9sactiv\u00e9s car ils sont indispensables au fonctionnement du site web). Vous pouvez modifier ces param\u00e8tres par les moyens suivants\u00a0:<\/p>\n\n\n\n<ol class=\"wp-block-list\">\n<li><strong>Param\u00e8tres du navigateur<\/strong>Vous pouvez modifier les param\u00e8tres de votre navigateur pour refuser tous les cookies ou certains types de cookies. La proc\u00e9dure peut varier selon le navigateur. Pour des instructions d\u00e9taill\u00e9es, veuillez consulter l&#039;aide de votre navigateur (Chrome, Firefox, Safari, Edge, etc.). Veuillez noter que la d\u00e9sactivation de certains cookies peut rendre certaines fonctionnalit\u00e9s de ce site web indisponibles ou limit\u00e9es.<\/li>\n\n\n\n<li><strong>Outils de d\u00e9sinscription<\/strong>Pour certains cookies analytiques ou marketing fournis par des tiers, vous pouvez utiliser les outils de d\u00e9sactivation mis \u00e0 disposition par ces tiers. Par exemple, vous pouvez g\u00e9rer vos pr\u00e9f\u00e9rences via les plateformes de d\u00e9sactivation de la Network Advertising Initiative (NAI) ou de la Digital Advertising Alliance (DAA).<\/li>\n\n\n\n<li><strong>Banni\u00e8re de consentement aux cookies du site Web<\/strong>Lors de votre premi\u00e8re visite sur ce site web, une banni\u00e8re de consentement aux cookies s&#039;affichera. Vous pourrez alors accepter tous les cookies, refuser les cookies non n\u00e9cessaires ou personnaliser vos pr\u00e9f\u00e9rences. Vous pouvez modifier vos param\u00e8tres de consentement \u00e0 tout moment en acc\u00e9dant \u00e0 la section \u201c\u00a0Param\u00e8tres des cookies\u00a0\u201d en bas du site web.<\/li>\n<\/ol>\n\n\n\n<h2 class=\"wp-block-heading\">IV. Dur\u00e9e de conservation des cookies<\/h2>\n\n\n\n<p>La dur\u00e9e de conservation des cookies varie selon leur type\u00a0:<\/p>\n\n\n\n<ol class=\"wp-block-list\">\n<li><strong>Cookies de session<\/strong>Ces cookies sont temporairement stock\u00e9s dans la m\u00e9moire de votre appareil et seront automatiquement supprim\u00e9s lorsque vous fermerez votre navigateur.<\/li>\n\n\n\n<li><strong>Cookies persistants<\/strong>Ces cookies sont stock\u00e9s sur votre appareil pendant une dur\u00e9e plus longue (conform\u00e9ment aux indications du fichier de cookies ou aux conditions des prestataires de services concern\u00e9s). Ils restent valides jusqu&#039;\u00e0 leur expiration ou leur suppression manuelle. Nous ne conservons les cookies que le temps n\u00e9cessaire \u00e0 la r\u00e9alisation des finalit\u00e9s d\u00e9clar\u00e9es, puis nous les supprimons ou les anonymisons une fois ces finalit\u00e9s atteintes.<\/li>\n<\/ol>\n\n\n\n<h2 class=\"wp-block-heading\">V. Mises \u00e0 jour de la pr\u00e9sente politique relative aux cookies<\/h2>\n\n\n\n<p>Nous pouvons \u00eatre amen\u00e9s \u00e0 modifier la pr\u00e9sente Politique relative aux cookies afin de nous adapter aux \u00e9volutions l\u00e9gislatives, r\u00e9glementaires, techniques ou \u00e0 nos besoins commerciaux. Toute mise \u00e0 jour sera publi\u00e9e sur cette page et la date d&#039;entr\u00e9e en vigueur, indiqu\u00e9e en haut de page, sera modifi\u00e9e en cons\u00e9quence. Nous vous recommandons de consulter r\u00e9guli\u00e8rement cette Politique relative aux cookies afin de rester inform\u00e9(e) des \u00e9ventuelles modifications. En continuant \u00e0 utiliser ce site web apr\u00e8s l&#039;entr\u00e9e en vigueur de la mise \u00e0 jour, vous acceptez la Politique r\u00e9vis\u00e9e.<\/p>\n\n\n\n<h2 class=\"wp-block-heading\">VI. Contactez-nous<\/h2>\n\n\n\n<p>Si vous avez des questions, des pr\u00e9occupations ou des demandes concernant cette politique relative aux cookies ou notre utilisation des cookies, veuillez nous contacter par les canaux suivants\u00a0:<\/p>\n\n\n\n<ul class=\"wp-block-list\">\n<li>Site officiel : <a href=\"https:\/\/nenghui.com\/fr\/\" target=\"_blank\" rel=\"noreferrer noopener\">https:\/\/nenghui.com<\/a><\/li>\n<\/ul>","protected":false},"excerpt":{"rendered":"<p>WordPress Cookie Policy (Adapted for NENGHUI Energy Official Website) Effective Date: [January 14, 2026] Thank you for visiting NENGHUI Energy&#8217;s official website (https:\/\/nenghui.com, hereinafter referred to as &#8220;this Website&#8221;). This Website uses Cookies and similar tracking technologies to provide you with a higher-quality, safer, and more personalized browsing experience, while supporting the normal operation and [&hellip;]<\/p>","protected":false},"author":1,"featured_media":0,"parent":0,"menu_order":0,"comment_status":"closed","ping_status":"closed","template":"page-polocy-cookie.php","meta":{"footnotes":""},"class_list":["post-1569","page","type-page","status-publish","hentry"],"_links":{"self":[{"href":"https:\/\/nenghui.com\/fr\/wp-json\/wp\/v2\/pages\/1569","targetHints":{"allow":["GET"]}}],"collection":[{"href":"https:\/\/nenghui.com\/fr\/wp-json\/wp\/v2\/pages"}],"about":[{"href":"https:\/\/nenghui.com\/fr\/wp-json\/wp\/v2\/types\/page"}],"author":[{"embeddable":true,"href":"https:\/\/nenghui.com\/fr\/wp-json\/wp\/v2\/users\/1"}],"replies":[{"embeddable":true,"href":"https:\/\/nenghui.com\/fr\/wp-json\/wp\/v2\/comments?post=1569"}],"version-history":[{"count":4,"href":"https:\/\/nenghui.com\/fr\/wp-json\/wp\/v2\/pages\/1569\/revisions"}],"predecessor-version":[{"id":1645,"href":"https:\/\/nenghui.com\/fr\/wp-json\/wp\/v2\/pages\/1569\/revisions\/1645"}],"wp:attachment":[{"href":"https:\/\/nenghui.com\/fr\/wp-json\/wp\/v2\/media?parent=1569"}],"curies":[{"name":"wp","href":"https:\/\/api.w.org\/{rel}","templated":true}]}}