{"id":3,"date":"2025-06-21T21:25:40","date_gmt":"2025-06-21T13:25:40","guid":{"rendered":"http:\/\/nh.matepress.cn\/?page_id=3"},"modified":"2025-12-30T20:31:50","modified_gmt":"2025-12-30T12:31:50","slug":"privacy-policy-1","status":"publish","type":"page","link":"https:\/\/nenghui.com\/fr\/privacy-policy-1\/","title":{"rendered":"Politique de confidentialit\u00e9"},"content":{"rendered":"<p><strong>Politique de confidentialit\u00e9<\/strong><strong><\/strong><\/p>\n\n\n\n<p>Cette politique s&#039;applique uniquement aux produits ou services de Shanghai Nenghui Co., Ltd. &nbsp;<\/p>\n\n\n\n<p>Derni\u00e8re mise \u00e0 jour : 21 octobre 2025<\/p>\n\n\n\n<p>Cette politique vous aidera \u00e0 comprendre les points suivants\u00a0: &nbsp;<\/p>\n\n\n\n<p>1. Comment nous recueillons et utilisons vos informations d&#039;utilisateur &nbsp;<\/p>\n\n\n\n<p>2. Comment nous utilisons les cookies et les technologies similaires &nbsp;<\/p>\n\n\n\n<p>3. Comment nous partageons, transf\u00e9rons ou divulguons vos informations d&#039;utilisateur &nbsp;<\/p>\n\n\n\n<p>4. Comment nous prot\u00e9geons vos informations d&#039;utilisateur &nbsp;<\/p>\n\n\n\n<p>5. Vos droits &nbsp;<\/p>\n\n\n\n<p>6. Stockage et transfert global de vos informations utilisateur &nbsp;<\/p>\n\n\n\n<p>7. Modalit\u00e9s de mise \u00e0 jour de cette politique &nbsp;<\/p>\n\n\n\n<p>8. Comment nous contacter &nbsp;<\/p>\n\n\n\n<p>Nous comprenons parfaitement l&#039;importance de vos donn\u00e9es utilisateur et nous nous engageons \u00e0 en assurer la s\u00e9curit\u00e9 et la fiabilit\u00e9. Nous mettons tout en \u0153uvre pour pr\u00e9server votre confiance en respectant les principes suivants\u00a0: responsabilit\u00e9, limitation des finalit\u00e9s, consentement, minimisation des donn\u00e9es, s\u00e9curit\u00e9, participation individuelle et transparence. Nous nous engageons \u00e0 adopter des mesures de s\u00e9curit\u00e9 conformes aux normes du secteur afin de prot\u00e9ger vos donn\u00e9es utilisateur. &nbsp;<\/p>\n\n\n\n<p>Veuillez lire et comprendre attentivement cette politique de confidentialit\u00e9 avant d&#039;utiliser nos produits (ou services). &nbsp;<\/p>\n\n\n\n<p>1. Comment nous recueillons et utilisons vos informations d&#039;utilisateur &nbsp;<\/p>\n\n\n\n<p>(I) Informations collect\u00e9es lors de votre utilisation de nos produits ou services &nbsp;<\/p>\n\n\n\n<p>Nous collectons et utilisons vos informations uniquement aux fins d\u00e9crites dans la pr\u00e9sente politique. La collecte de ces informations est n\u00e9cessaire pour vous fournir nos produits et services. Vous \u00eates libre de choisir de nous les communiquer ou non. Cependant, dans la plupart des cas, si vous choisissez de ne pas les fournir, nous pourrions ne pas \u00eatre en mesure de vous fournir les services correspondants ou de r\u00e9pondre \u00e0 vos demandes. &nbsp;<\/p>\n\n\n\n<p>Lorsque vous utilisez nos services, vous nous autorisez \u00e0 collecter les informations que vous fournissez volontairement ou qui sont n\u00e9cessaires \u00e0 la prestation de services, notamment\u00a0: votre num\u00e9ro de t\u00e9l\u00e9phone portable, votre adresse \u00e9lectronique et vos informations d\u2019identit\u00e9 de base (par exemple, nom, nationalit\u00e9, sexe, profession, adresse, coordonn\u00e9es). &nbsp;<\/p>\n\n\n\n<p>Nous utiliserons les informations collect\u00e9es aupr\u00e8s des utilisateurs pour fournir des services tels que les devis, l&#039;assistance apr\u00e8s-vente, la communication technique et la v\u00e9rification d&#039;identit\u00e9. &nbsp;<\/p>\n\n\n\n<p>Nous anonymiserons l\u00e9galement les informations collect\u00e9es sur les utilisateurs. Les informations qui ne permettent pas d&#039;identifier une personne physique, seules ou combin\u00e9es \u00e0 d&#039;autres donn\u00e9es, ne sont pas consid\u00e9r\u00e9es comme des donn\u00e9es personnelles au sens de la l\u00e9gislation applicable. Si des informations non personnelles sont associ\u00e9es \u00e0 vos donn\u00e9es personnelles, nous traiterons et prot\u00e9gerons ces informations combin\u00e9es comme des donn\u00e9es personnelles, conform\u00e9ment \u00e0 la pr\u00e9sente politique. &nbsp;<\/p>\n\n\n\n<p>Afin d\u2019am\u00e9liorer nos op\u00e9rations, nos technologies, nos services ou en raison de changements dans nos strat\u00e9gies commerciales, si la collecte, l\u2019utilisation ou le traitement des informations des utilisateurs d\u00e9passe le cadre d\u00e9crit ci-dessus, ou si nous avons l\u2019intention d\u2019utiliser les informations collect\u00e9es \u00e0 des fins non mentionn\u00e9es dans la pr\u00e9sente politique, nous vous en informerons et obtiendrons votre consentement dans un d\u00e9lai raisonnable. &nbsp;<\/p>\n\n\n\n<p>(II) Exceptions aux exigences de consentement<\/p>\n\n\n\n<p>Conform\u00e9ment aux lois applicables et aux normes nationales, nous pouvons collecter et utiliser vos informations d&#039;utilisateur sans consentement pr\u00e9alable dans les circonstances suivantes\u00a0: &nbsp;<\/p>\n\n\n\n<p>1. Li\u00e9 \u00e0 la s\u00e9curit\u00e9 ou \u00e0 la d\u00e9fense nationale ; &nbsp;<\/p>\n\n\n\n<p>2. Li\u00e9 \u00e0 la s\u00e9curit\u00e9 publique, \u00e0 la sant\u00e9 publique ou \u00e0 des int\u00e9r\u00eats publics importants ; &nbsp;<\/p>\n\n\n\n<p>3. Li\u00e9 aux enqu\u00eates criminelles, aux poursuites, aux proc\u00e8s ou \u00e0 l&#039;ex\u00e9cution des jugements\u00a0; &nbsp;<\/p>\n\n\n\n<p>4. Pour prot\u00e9ger votre vie, vos biens ou d\u2019autres droits l\u00e9gaux importants, ou ceux d\u2019autrui, lorsqu\u2019il est impossible d\u2019obtenir un consentement\u00a0; &nbsp;<\/p>\n\n\n\n<p>5. Informations que vous avez volontairement divulgu\u00e9es au public\u00a0; &nbsp;<\/p>\n\n\n\n<p>6. Informations obtenues par des voies l\u00e9galement divulgu\u00e9es (par exemple, des reportages d&#039;actualit\u00e9 l\u00e9gaux ou des divulgations gouvernementales) ; &nbsp;<\/p>\n\n\n\n<p>7. N\u00e9cessaire \u00e0 l\u2019ex\u00e9cution d\u2019un contrat \u00e0 votre demande ; &nbsp;<\/p>\n\n\n\n<p>8. N\u00e9cessaire pour assurer le fonctionnement s\u00fbr et stable de nos services (par exemple, d\u00e9tecter ou r\u00e9soudre les pannes techniques) ; &nbsp;<\/p>\n\n\n\n<p>9. N\u00e9cessaire pour la diffusion l\u00e9gale d&#039;informations par les agences de presse ; &nbsp;<\/p>\n\n\n\n<p>10. N\u00e9cessaire pour la recherche universitaire men\u00e9e dans l\u2019int\u00e9r\u00eat public, \u00e0 condition que les r\u00e9sultats soient anonymis\u00e9s ; &nbsp;<\/p>\n\n\n\n<p>11. Autres circonstances autoris\u00e9es par la loi. &nbsp;<\/p>\n\n\n\n<p>2. Comment nous utilisons les cookies et les technologies similaires &nbsp;<\/p>\n\n\n\n<p>(I) Cookies &nbsp;<\/p>\n\n\n\n<p>Pour assurer le bon fonctionnement du site web, nous pouvons \u00eatre amen\u00e9s \u00e0 stocker de petits fichiers de donn\u00e9es appel\u00e9s cookies sur votre appareil. Les cookies contiennent g\u00e9n\u00e9ralement des identifiants, des noms de sites et des chiffres\/caract\u00e8res. Ils nous permettent de m\u00e9moriser vos pr\u00e9f\u00e9rences de navigation. &nbsp;<\/p>\n\n\n\n<p>Nous n&#039;utiliserons pas de cookies \u00e0 des fins autres que celles d\u00e9crites dans la pr\u00e9sente politique. Vous pouvez g\u00e9rer ou supprimer les cookies via les param\u00e8tres de votre navigateur. Veuillez noter que le blocage des cookies peut n\u00e9cessiter des ajustements manuels \u00e0 chaque visite sur notre site web. &nbsp;<\/p>\n\n\n\n<p>(II) Balises Web et pixels espions &nbsp;<\/p>\n\n\n\n<p>Outre les cookies, nous utilisons des balises web et des pixels invisibles. Par exemple, les e-mails que nous envoyons peuvent contenir des liens permettant de comprendre vos pr\u00e9f\u00e9rences et d&#039;am\u00e9liorer nos services. Les balises web sont des images transparentes int\u00e9gr\u00e9es aux sites web ou aux e-mails. Les pixels invisibles permettent de d\u00e9terminer si un e-mail est ouvert. Vous pouvez vous d\u00e9sabonner pour d\u00e9sactiver ce suivi. &nbsp;<\/p>\n\n\n\n<p>(III) Ne pas suivre &nbsp;<\/p>\n\n\n\n<p>De nombreux navigateurs proposent une fonction \u00ab\u00a0Ne pas me suivre\u00a0\u00bb (DNT). Bien qu&#039;il n&#039;existe pas de r\u00e9ponse standardis\u00e9e aux requ\u00eates DNT, nos sites web respecteront votre choix si cette fonction est activ\u00e9e. &nbsp;<\/p>\n\n\n\n<p>3. Comment nous partageons, transf\u00e9rons ou divulguons vos informations d&#039;utilisateur &nbsp;<\/p>\n\n\n\n<p>(I) Partage &nbsp;<\/p>\n\n\n\n<p>Nous ne partagerons pas vos informations d&#039;utilisateur avec des tiers, sauf dans les cas suivants\u00a0: &nbsp;<\/p>\n\n\n\n<p>1. Avec votre consentement explicite ; &nbsp;<\/p>\n\n\n\n<p>2. Pour se conformer aux obligations l\u00e9gales ou aux ordres gouvernementaux ; &nbsp;<\/p>\n\n\n\n<p>3. Partage avec les soci\u00e9t\u00e9s affili\u00e9es, limit\u00e9 aux informations n\u00e9cessaires et aux fins \u00e9nonc\u00e9es dans le pr\u00e9sent document\u00a0; &nbsp;<\/p>\n\n\n\n<p>4. Partage avec des partenaires autoris\u00e9s afin d\u2019am\u00e9liorer les services. Les partenaires doivent respecter les accords de confidentialit\u00e9 et traiter les informations conform\u00e9ment \u00e0 la loi. &nbsp;<\/p>\n\n\n\n<p>(II) Transfer<\/p>\n\n\n\n<p>Nous ne transf\u00e9rerons pas vos informations d&#039;utilisateur, sauf\u00a0: &nbsp;<\/p>\n\n\n\n<p>1. Avec votre consentement explicite ; &nbsp;<\/p>\n\n\n\n<p>2. En cas de fusion, d\u2019acquisition ou de faillite, \u00e0 condition que le b\u00e9n\u00e9ficiaire continue de se conformer \u00e0 la pr\u00e9sente politique. &nbsp;<\/p>\n\n\n\n<p>(III) Divulgation &nbsp;<\/p>\n\n\n\n<p>Nous ne divulguerons vos informations d&#039;utilisateur que\u00a0: &nbsp;<\/p>\n\n\n\n<p>1. Avec votre consentement explicite ; &nbsp;<\/p>\n\n\n\n<p>2. Se conformer aux exigences l\u00e9gales. &nbsp;<\/p>\n\n\n\n<p>(IV) Exceptions au consentement au partage, au transfert ou \u00e0 la divulgation &nbsp;<\/p>\n\n\n\n<p>Dans les limites autoris\u00e9es par la loi, nous pouvons partager, transf\u00e9rer ou divulguer des informations sans consentement dans des circonstances similaires \u00e0 celles de la section 1(II). &nbsp;<\/p>\n\n\n\n<p>4. Comment nous prot\u00e9geons vos informations d&#039;utilisateur &nbsp;<\/p>\n\n\n\n<p>Nous mettons en \u0153uvre des mesures conformes aux normes du secteur pour prot\u00e9ger vos informations, notamment le chiffrement SSL, le protocole HTTPS, le contr\u00f4le d&#039;acc\u00e8s et la formation du personnel. Malgr\u00e9 tous nos efforts pour assurer la s\u00e9curit\u00e9, aucun syst\u00e8me n&#039;est totalement infaillible. En cas de violation de donn\u00e9es, nous vous en informerons imm\u00e9diatement et signalerons l&#039;incident aux autorit\u00e9s comp\u00e9tentes, conform\u00e9ment \u00e0 la loi. &nbsp;<\/p>\n\n\n\n<p>5. Vos droits &nbsp;<\/p>\n\n\n\n<p>Vous avez le droit de\u00a0: &nbsp;<\/p>\n\n\n\n<p>1. Acc\u00e9dez \u00e0 vos informations utilisateur\u00a0; &nbsp;<\/p>\n\n\n\n<p>2. Corriger les informations inexactes ; &nbsp;<\/p>\n\n\n\n<p>3. Supprimer les informations dans des conditions sp\u00e9cifiques (par exemple, violations l\u00e9gales, retrait du consentement) ; &nbsp;<\/p>\n\n\n\n<p>4. Retirer son consentement, ce qui peut affecter la disponibilit\u00e9 du service. &nbsp;<\/p>\n\n\n\n<p>Pour exercer ces droits, veuillez nous contacter par courriel \u00e0 l&#039;adresse suivante : .&nbsp;&nbsp;<\/p>\n\n\n\n<p>6. Stockage et transfert global de vos informations utilisateur<\/p>\n\n\n\n<p>Les donn\u00e9es utilisateur collect\u00e9es en Chine sont stock\u00e9es localement. Les dur\u00e9es de conservation sont conformes aux exigences l\u00e9gales. Pour nos op\u00e9rations internationales, nous garantissons \u00e0 vos donn\u00e9es une protection \u00e9quivalente aux normes chinoises, m\u00eame lors de leur transfert \u00e0 l&#039;\u00e9tranger. &nbsp;<\/p>\n\n\n\n<p>7. Modalit\u00e9s de mise \u00e0 jour de cette politique &nbsp;<\/p>\n\n\n\n<p>Nous pourrions mettre \u00e0 jour cette politique et vous informerons de tout changement important (par exemple, modification du mod\u00e8le de service, restructuration de l&#039;actionnariat). Les versions archiv\u00e9es resteront accessibles. &nbsp;<\/p>\n\n\n\n<p>8. Comment nous contacter<\/p>\n\n\n\n<p>Pour toute question ou remarque, veuillez nous contacter via\u00a0: &nbsp;<\/p>\n\n\n\n<p>- E-mail: &nbsp;<\/p>\n\n\n\n<p>\u2013 T\u00e9l\u00e9phone : +86 13381770019 &nbsp;<\/p>\n\n\n\n<p>Nous nous effor\u00e7ons de r\u00e9pondre dans un d\u00e9lai de 30 jours. &nbsp;<\/p>","protected":false},"excerpt":{"rendered":"<p>Privacy Policy This policy applies only to the products or services of Shanghai Nenghui Co., Ltd. &nbsp; Last Updated: Oct.&nbsp;21, 2025 This policy will help you understand the following: &nbsp; 1. How We Collect and Use Your User Information &nbsp; 2. How We Use Cookies and Similar Technologies &nbsp; 3. How We Share, Transfer, or [&hellip;]<\/p>","protected":false},"author":1,"featured_media":0,"parent":0,"menu_order":0,"comment_status":"closed","ping_status":"closed","template":"page-polocy-cookie.php","meta":{"footnotes":""},"class_list":["post-3","page","type-page","status-publish","hentry"],"_links":{"self":[{"href":"https:\/\/nenghui.com\/fr\/wp-json\/wp\/v2\/pages\/3","targetHints":{"allow":["GET"]}}],"collection":[{"href":"https:\/\/nenghui.com\/fr\/wp-json\/wp\/v2\/pages"}],"about":[{"href":"https:\/\/nenghui.com\/fr\/wp-json\/wp\/v2\/types\/page"}],"author":[{"embeddable":true,"href":"https:\/\/nenghui.com\/fr\/wp-json\/wp\/v2\/users\/1"}],"replies":[{"embeddable":true,"href":"https:\/\/nenghui.com\/fr\/wp-json\/wp\/v2\/comments?post=3"}],"version-history":[{"count":6,"href":"https:\/\/nenghui.com\/fr\/wp-json\/wp\/v2\/pages\/3\/revisions"}],"predecessor-version":[{"id":1567,"href":"https:\/\/nenghui.com\/fr\/wp-json\/wp\/v2\/pages\/3\/revisions\/1567"}],"wp:attachment":[{"href":"https:\/\/nenghui.com\/fr\/wp-json\/wp\/v2\/media?parent=3"}],"curies":[{"name":"wp","href":"https:\/\/api.w.org\/{rel}","templated":true}]}}