{"id":1569,"date":"2025-12-30T21:04:12","date_gmt":"2025-12-30T13:04:12","guid":{"rendered":"https:\/\/nenghui.com\/?page_id=1569"},"modified":"2026-01-14T00:57:57","modified_gmt":"2026-01-13T16:57:57","slug":"cookie-policy","status":"publish","type":"page","link":"https:\/\/nenghui.com\/pt\/cookie-policy\/","title":{"rendered":"COOKIE POLICY"},"content":{"rendered":"<h1 class=\"wp-block-heading\">Pol\u00edtica de Cookies do WordPress (Adaptada para o site oficial da NENGHUI Energy)<\/h1>\n\n\n\n<p>Data de entrada em vigor: [14 de janeiro de 2026]<\/p>\n\n\n\n<p>Obrigado por visitar o site oficial da NENGHUI Energy (<a href=\"https:\/\/nenghui.com\/pt\/\" target=\"_blank\" rel=\"noreferrer noopener\">https:\/\/nenghui.com<\/a>, Este site, doravante denominado &quot;este Site&quot;), utiliza cookies e tecnologias de rastreamento semelhantes para proporcionar uma experi\u00eancia de navega\u00e7\u00e3o mais segura, personalizada e de maior qualidade, al\u00e9m de garantir o funcionamento normal e a otimiza\u00e7\u00e3o dos servi\u00e7os oferecidos. Leia atentamente esta Pol\u00edtica de Cookies para entender como utilizamos os cookies e os seus direitos. Ao continuar acessando ou utilizando este Site, voc\u00ea concorda com o uso de cookies de acordo com as disposi\u00e7\u00f5es desta Pol\u00edtica.<\/p>\n\n\n\n<h2 class=\"wp-block-heading\">I. Defini\u00e7\u00e3o e Classifica\u00e7\u00e3o de Cookies<\/h2>\n\n\n\n<p>Os cookies s\u00e3o pequenos arquivos de texto enviados pelo servidor do site para o seu navegador e armazenados no seu dispositivo (computador, celular, tablet etc.), contendo informa\u00e7\u00f5es relacionadas \u00e0 sua visita a este site. Com base em suas finalidades e dura\u00e7\u00e3o, os cookies que utilizamos s\u00e3o classificados principalmente nas seguintes categorias:<\/p>\n\n\n\n<ol class=\"wp-block-list\">\n<li><strong>Cookies Necess\u00e1rios<\/strong>Esses cookies s\u00e3o fundamentais para garantir o funcionamento normal das fun\u00e7\u00f5es principais deste site e s\u00e3o indispens\u00e1veis. Por exemplo, eles verificam os direitos de acesso do usu\u00e1rio, mant\u00eam o status da sess\u00e3o, garantem a seguran\u00e7a do site e d\u00e3o suporte \u00e0s fun\u00e7\u00f5es b\u00e1sicas de navega\u00e7\u00e3o. Se voc\u00ea desativar esses cookies, algumas fun\u00e7\u00f5es do site n\u00e3o funcionar\u00e3o corretamente e n\u00e3o poderemos fornecer todos os servi\u00e7os.<\/li>\n\n\n\n<li><strong>Cookies funcionais<\/strong>Esses cookies s\u00e3o usados para melhorar a funcionalidade do site e a experi\u00eancia do usu\u00e1rio. Eles nos ajudam a lembrar suas prefer\u00eancias (como idioma, modo de exibi\u00e7\u00e3o da p\u00e1gina etc.), eliminando a necessidade de voc\u00ea reconfigur\u00e1-las a cada visita. Al\u00e9m disso, eles auxiliam o site a exibir informa\u00e7\u00f5es personalizadas relacionadas a produtos de energia (como resultados filtrados de par\u00e2metros de equipamentos de armazenamento de energia, exibi\u00e7\u00e3o de solu\u00e7\u00f5es personalizadas etc.), otimizando sua navega\u00e7\u00e3o e a efici\u00eancia de suas buscas.<\/li>\n\n\n\n<li><strong>Cookies anal\u00edticos<\/strong>Por meio desses cookies, coletamos dados relevantes sobre sua visita a este site (como p\u00e1ginas visitadas, dura\u00e7\u00e3o da visita, caminhos de navega\u00e7\u00e3o, tipo de dispositivo etc.). Esses dados s\u00e3o usados para analisar o tr\u00e1fego do site, avaliar a efic\u00e1cia da exibi\u00e7\u00e3o de produtos (como dados de acesso \u00e0s p\u00e1ginas de produtos de arm\u00e1rios e cont\u00eaineres de armazenamento de energia) e otimizar a estrutura e o layout do conte\u00fado do site. Esses dados s\u00e3o destinados exclusivamente \u00e0 an\u00e1lise estat\u00edstica e n\u00e3o identificam voc\u00ea pessoalmente.<\/li>\n\n\n\n<li><strong>Cookies de marketing<\/strong>Esses cookies s\u00e3o usados para registrar suas prefer\u00eancias de navega\u00e7\u00e3o e dados comportamentais relacionados a produtos de energia (como seu interesse em gabinetes de armazenamento de energia refrigerados a l\u00edquido, sistemas de armazenamento de energia em cont\u00eaineres, etc.). Com essas informa\u00e7\u00f5es, podemos exibir conte\u00fado de marketing direcionado (como atualiza\u00e7\u00f5es sobre novos produtos de armazenamento de energia, solu\u00e7\u00f5es do setor e atividades promocionais) neste site ou por meio de plataformas de terceiros e medir a efic\u00e1cia das campanhas de marketing. Voc\u00ea tem o direito de recusar ou desativar esses cookies a qualquer momento.<\/li>\n<\/ol>\n\n\n\n<h2 class=\"wp-block-heading\">II. Cookies de terceiros<\/h2>\n\n\n\n<p>Ao visitar este site, provedores de servi\u00e7os terceirizados com os quais cooperamos tamb\u00e9m podem instalar cookies no seu dispositivo. Esses terceiros incluem provedores de servi\u00e7os anal\u00edticos (como o Google Analytics), parceiros de marketing e plataformas de m\u00eddia social. O uso de cookies por esses terceiros est\u00e1 sujeito \u00e0s suas pr\u00f3prias pol\u00edticas de privacidade e pol\u00edticas de cookies, e n\u00e3o a esta Pol\u00edtica. N\u00e3o controlamos esses cookies de terceiros e n\u00e3o somos respons\u00e1veis pela coleta e uso de dados por eles. Recomendamos que voc\u00ea revise as pol\u00edticas de privacidade e as pol\u00edticas de cookies desses terceiros para entender suas pr\u00e1ticas de processamento de dados.<\/p>\n\n\n\n<h2 class=\"wp-block-heading\">III. Seus direitos e m\u00e9todos de controle<\/h2>\n\n\n\n<p>Voc\u00ea tem o direito de gerenciar ou desativar os cookies de acordo com suas necessidades, exceto os cookies necess\u00e1rios (que n\u00e3o podem ser desativados, pois s\u00e3o essenciais para o funcionamento do site). Voc\u00ea pode ajustar as configura\u00e7\u00f5es atrav\u00e9s dos seguintes m\u00e9todos:<\/p>\n\n\n\n<ol class=\"wp-block-list\">\n<li><strong>Configura\u00e7\u00f5es do navegador<\/strong>Voc\u00ea pode modificar as configura\u00e7\u00f5es do seu navegador para recusar todos ou alguns tipos de cookies. Os procedimentos espec\u00edficos podem variar de acordo com o navegador. Para obter instru\u00e7\u00f5es detalhadas, consulte a documenta\u00e7\u00e3o de ajuda do seu navegador (como Chrome, Firefox, Safari, Edge etc.). Observe que, se voc\u00ea desativar determinados cookies, algumas fun\u00e7\u00f5es deste site poder\u00e3o ficar restritas ou indispon\u00edveis.<\/li>\n\n\n\n<li><strong>Ferramentas de Cancelamento de Inscri\u00e7\u00e3o<\/strong>Para alguns cookies anal\u00edticos ou de marketing fornecidos por terceiros, voc\u00ea pode usar as ferramentas de desativa\u00e7\u00e3o disponibilizadas por esses terceiros. Por exemplo, voc\u00ea pode gerenciar suas prefer\u00eancias por meio das plataformas de desativa\u00e7\u00e3o da Network Advertising Initiative (NAI) ou da Digital Advertising Alliance (DAA).<\/li>\n\n\n\n<li><strong>Banner de consentimento de cookies do site<\/strong>Ao visitar este site pela primeira vez, um banner de consentimento de cookies ser\u00e1 exibido. Voc\u00ea pode optar por aceitar todos os cookies, rejeitar os cookies n\u00e3o essenciais ou personalizar suas prefer\u00eancias de cookies por meio do banner. Voc\u00ea pode revisar suas configura\u00e7\u00f5es de consentimento a qualquer momento acessando a se\u00e7\u00e3o &quot;Configura\u00e7\u00f5es de cookies&quot; na parte inferior do site.<\/li>\n<\/ol>\n\n\n\n<h2 class=\"wp-block-heading\">IV. Per\u00edodo de reten\u00e7\u00e3o de cookies<\/h2>\n\n\n\n<p>O per\u00edodo de reten\u00e7\u00e3o dos cookies varia dependendo do seu tipo:<\/p>\n\n\n\n<ol class=\"wp-block-list\">\n<li><strong>Cookies de sess\u00e3o<\/strong>Esses cookies s\u00e3o armazenados temporariamente na mem\u00f3ria do seu dispositivo e ser\u00e3o exclu\u00eddos automaticamente quando voc\u00ea fechar o navegador.<\/li>\n\n\n\n<li><strong>Cookies persistentes<\/strong>Esses cookies s\u00e3o armazenados no seu dispositivo por um per\u00edodo mais longo (conforme especificado no arquivo de cookies ou pelos provedores de servi\u00e7os relevantes). Eles permanecer\u00e3o v\u00e1lidos at\u00e9 expirarem ou serem exclu\u00eddos manualmente por voc\u00ea. Reteremos os cookies apenas pelo per\u00edodo necess\u00e1rio para atingir as finalidades declaradas e os excluiremos ou anonimizaremos assim que essas finalidades forem cumpridas.<\/li>\n<\/ol>\n\n\n\n<h2 class=\"wp-block-heading\">V. Atualiza\u00e7\u00f5es a esta Pol\u00edtica de Cookies<\/h2>\n\n\n\n<p>Podemos atualizar esta Pol\u00edtica de Cookies periodicamente para nos adaptarmos a mudan\u00e7as em leis, regulamentos, normas t\u00e9cnicas ou necessidades comerciais. Quaisquer atualiza\u00e7\u00f5es da Pol\u00edtica ser\u00e3o publicadas nesta p\u00e1gina e a \u201cData de Vig\u00eancia\u201d no topo ser\u00e1 revisada de acordo. Recomendamos que voc\u00ea revise esta Pol\u00edtica de Cookies regularmente para se manter informado sobre quaisquer altera\u00e7\u00f5es. Seu uso cont\u00ednuo deste site ap\u00f3s a entrada em vigor da atualiza\u00e7\u00e3o constitui sua aceita\u00e7\u00e3o da Pol\u00edtica revisada.<\/p>\n\n\n\n<h2 class=\"wp-block-heading\">VI. Contate-nos<\/h2>\n\n\n\n<p>Se voc\u00ea tiver d\u00favidas, preocupa\u00e7\u00f5es ou solicita\u00e7\u00f5es referentes a esta Pol\u00edtica de Cookies ou ao nosso uso de cookies, entre em contato conosco pelos seguintes canais:<\/p>\n\n\n\n<ul class=\"wp-block-list\">\n<li>Site oficial: <a href=\"https:\/\/nenghui.com\/pt\/\" target=\"_blank\" rel=\"noreferrer noopener\">https:\/\/nenghui.com<\/a><\/li>\n<\/ul>","protected":false},"excerpt":{"rendered":"<p>WordPress Cookie Policy (Adapted for NENGHUI Energy Official Website) Effective Date: [January 14, 2026] Thank you for visiting NENGHUI Energy&#8217;s official website (https:\/\/nenghui.com, hereinafter referred to as &#8220;this Website&#8221;). This Website uses Cookies and similar tracking technologies to provide you with a higher-quality, safer, and more personalized browsing experience, while supporting the normal operation and [&hellip;]<\/p>","protected":false},"author":1,"featured_media":0,"parent":0,"menu_order":0,"comment_status":"closed","ping_status":"closed","template":"page-polocy-cookie.php","meta":{"footnotes":""},"class_list":["post-1569","page","type-page","status-publish","hentry"],"_links":{"self":[{"href":"https:\/\/nenghui.com\/pt\/wp-json\/wp\/v2\/pages\/1569","targetHints":{"allow":["GET"]}}],"collection":[{"href":"https:\/\/nenghui.com\/pt\/wp-json\/wp\/v2\/pages"}],"about":[{"href":"https:\/\/nenghui.com\/pt\/wp-json\/wp\/v2\/types\/page"}],"author":[{"embeddable":true,"href":"https:\/\/nenghui.com\/pt\/wp-json\/wp\/v2\/users\/1"}],"replies":[{"embeddable":true,"href":"https:\/\/nenghui.com\/pt\/wp-json\/wp\/v2\/comments?post=1569"}],"version-history":[{"count":4,"href":"https:\/\/nenghui.com\/pt\/wp-json\/wp\/v2\/pages\/1569\/revisions"}],"predecessor-version":[{"id":1645,"href":"https:\/\/nenghui.com\/pt\/wp-json\/wp\/v2\/pages\/1569\/revisions\/1645"}],"wp:attachment":[{"href":"https:\/\/nenghui.com\/pt\/wp-json\/wp\/v2\/media?parent=1569"}],"curies":[{"name":"wp","href":"https:\/\/api.w.org\/{rel}","templated":true}]}}