{"id":3,"date":"2025-06-21T21:25:40","date_gmt":"2025-06-21T13:25:40","guid":{"rendered":"http:\/\/nh.matepress.cn\/?page_id=3"},"modified":"2025-12-30T20:31:50","modified_gmt":"2025-12-30T12:31:50","slug":"privacy-policy-1","status":"publish","type":"page","link":"https:\/\/nenghui.com\/pt\/privacy-policy-1\/","title":{"rendered":"Pol\u00edtica de privacidade"},"content":{"rendered":"<p><strong>Pol\u00edtica de privacidade<\/strong><strong><\/strong><\/p>\n\n\n\n<p>Esta pol\u00edtica aplica-se apenas aos produtos ou servi\u00e7os da Shanghai Nenghui Co., Ltd. &nbsp;<\/p>\n\n\n\n<p>\u00daltima atualiza\u00e7\u00e3o: 21 de outubro de 2025<\/p>\n\n\n\n<p>Esta pol\u00edtica ajudar\u00e1 voc\u00ea a entender o seguinte: &nbsp;<\/p>\n\n\n\n<p>1. Como coletamos e usamos suas informa\u00e7\u00f5es de usu\u00e1rio &nbsp;<\/p>\n\n\n\n<p>2. Como utilizamos cookies e tecnologias semelhantes &nbsp;<\/p>\n\n\n\n<p>3. Como compartilhamos, transferimos ou divulgamos suas informa\u00e7\u00f5es de usu\u00e1rio &nbsp;<\/p>\n\n\n\n<p>4. Como protegemos suas informa\u00e7\u00f5es de usu\u00e1rio &nbsp;<\/p>\n\n\n\n<p>5. Seus direitos &nbsp;<\/p>\n\n\n\n<p>6. Armazenamento e Transfer\u00eancia Global das Suas Informa\u00e7\u00f5es de Usu\u00e1rio &nbsp;<\/p>\n\n\n\n<p>7. Como esta pol\u00edtica \u00e9 atualizada &nbsp;<\/p>\n\n\n\n<p>8. Como entrar em contato conosco &nbsp;<\/p>\n\n\n\n<p>Entendemos plenamente a import\u00e2ncia das suas informa\u00e7\u00f5es de usu\u00e1rio e estamos comprometidos em proteger sua seguran\u00e7a e confiabilidade. Buscamos manter sua confian\u00e7a aderindo aos seguintes princ\u00edpios: responsabilidade, limita\u00e7\u00e3o de finalidade, consentimento, minimiza\u00e7\u00e3o de dados, seguran\u00e7a, participa\u00e7\u00e3o individual e transpar\u00eancia. Comprometemo-nos a adotar medidas de seguran\u00e7a padr\u00e3o do setor para proteger suas informa\u00e7\u00f5es de usu\u00e1rio. &nbsp;<\/p>\n\n\n\n<p>Por favor, leia e compreenda atentamente esta Pol\u00edtica de Privacidade antes de usar nossos produtos (ou servi\u00e7os). &nbsp;<\/p>\n\n\n\n<p>1. Como coletamos e usamos suas informa\u00e7\u00f5es de usu\u00e1rio &nbsp;<\/p>\n\n\n\n<p>(I) Informa\u00e7\u00f5es coletadas durante o uso de nossos produtos ou servi\u00e7os &nbsp;<\/p>\n\n\n\n<p>Coletamos e utilizamos suas informa\u00e7\u00f5es de usu\u00e1rio apenas para os fins descritos nesta pol\u00edtica. A coleta de informa\u00e7\u00f5es do usu\u00e1rio \u00e9 necess\u00e1ria para fornecer produtos ou servi\u00e7os a voc\u00ea. Voc\u00ea tem o direito de escolher se deseja fornecer essas informa\u00e7\u00f5es. No entanto, na maioria dos casos, se voc\u00ea optar por n\u00e3o fornec\u00ea-las, poderemos ficar impossibilitados de prestar os servi\u00e7os correspondentes ou responder \u00e0s suas solicita\u00e7\u00f5es. &nbsp;<\/p>\n\n\n\n<p>Ao utilizar nossos servi\u00e7os, voc\u00ea nos autoriza a coletar informa\u00e7\u00f5es que voc\u00ea fornece voluntariamente ou que s\u00e3o necess\u00e1rias para a presta\u00e7\u00e3o do servi\u00e7o, incluindo: n\u00famero de celular, endere\u00e7o de e-mail e informa\u00e7\u00f5es b\u00e1sicas de identidade (por exemplo, nome, nacionalidade, sexo, profiss\u00e3o, endere\u00e7o, dados de contato). &nbsp;<\/p>\n\n\n\n<p>Utilizaremos as informa\u00e7\u00f5es coletadas dos usu\u00e1rios para fornecer servi\u00e7os como or\u00e7amentos, suporte p\u00f3s-venda, comunica\u00e7\u00e3o t\u00e9cnica e verifica\u00e7\u00e3o de identidade. &nbsp;<\/p>\n\n\n\n<p>Iremos anonimizar ou desidentificar legalmente as informa\u00e7\u00f5es coletadas dos usu\u00e1rios. Informa\u00e7\u00f5es que n\u00e3o permitam identificar uma pessoa f\u00edsica, isoladamente ou em combina\u00e7\u00e3o com outros dados, n\u00e3o s\u00e3o consideradas informa\u00e7\u00f5es pessoais de acordo com as leis aplic\u00e1veis. Caso informa\u00e7\u00f5es n\u00e3o pessoais sejam combinadas com suas informa\u00e7\u00f5es pessoais, trataremos e protegeremos essas informa\u00e7\u00f5es combinadas como informa\u00e7\u00f5es pessoais, conforme esta pol\u00edtica. &nbsp;<\/p>\n\n\n\n<p>Para melhorar nossas opera\u00e7\u00f5es, tecnologia, servi\u00e7os ou devido a mudan\u00e7as nas estrat\u00e9gias de neg\u00f3cios, se a coleta, o uso ou o processamento de informa\u00e7\u00f5es do usu\u00e1rio excederem o escopo descrito acima, ou se pretendermos usar as informa\u00e7\u00f5es coletadas para fins n\u00e3o declarados nesta pol\u00edtica, notificaremos voc\u00ea e obteremos seu consentimento dentro de um prazo razo\u00e1vel. &nbsp;<\/p>\n\n\n\n<p>(II) Exce\u00e7\u00f5es aos Requisitos de Consentimento<\/p>\n\n\n\n<p>De acordo com as leis e normas nacionais aplic\u00e1veis, podemos coletar e usar suas informa\u00e7\u00f5es de usu\u00e1rio sem consentimento pr\u00e9vio nas seguintes circunst\u00e2ncias: &nbsp;<\/p>\n\n\n\n<p>1. Relacionado \u00e0 seguran\u00e7a ou defesa nacional; &nbsp;<\/p>\n\n\n\n<p>2. Relacionado \u00e0 seguran\u00e7a p\u00fablica, \u00e0 sa\u00fade p\u00fablica ou a interesses p\u00fablicos relevantes; &nbsp;<\/p>\n\n\n\n<p>3. Relacionado a investiga\u00e7\u00f5es criminais, processos, julgamentos ou execu\u00e7\u00e3o de senten\u00e7as; &nbsp;<\/p>\n\n\n\n<p>4. Para proteger a sua vida ou a de terceiros, a sua propriedade ou outros direitos legais importantes, quando a obten\u00e7\u00e3o de consentimento for impratic\u00e1vel; &nbsp;<\/p>\n\n\n\n<p>5. Informa\u00e7\u00f5es que voc\u00ea divulgou voluntariamente ao p\u00fablico; &nbsp;<\/p>\n\n\n\n<p>6. Informa\u00e7\u00f5es obtidas por meio de canais legalmente divulgados (por exemplo, not\u00edcias l\u00edcitas ou divulga\u00e7\u00f5es governamentais); &nbsp;<\/p>\n\n\n\n<p>7. Necess\u00e1rio para o cumprimento de um contrato a seu pedido; &nbsp;<\/p>\n\n\n\n<p>8. Necess\u00e1rio para garantir o funcionamento seguro e est\u00e1vel dos nossos servi\u00e7os (por exemplo, detec\u00e7\u00e3o ou resolu\u00e7\u00e3o de falhas t\u00e9cnicas); &nbsp;<\/p>\n\n\n\n<p>9. Necess\u00e1rio para a divulga\u00e7\u00e3o legal de not\u00edcias por ag\u00eancias de not\u00edcias; &nbsp;<\/p>\n\n\n\n<p>10. Necess\u00e1rio para pesquisa acad\u00eamica realizada em prol do interesse p\u00fablico, desde que os resultados sejam anonimizados; &nbsp;<\/p>\n\n\n\n<p>11. Outras circunst\u00e2ncias permitidas por lei. &nbsp;<\/p>\n\n\n\n<p>2. Como utilizamos cookies e tecnologias semelhantes &nbsp;<\/p>\n\n\n\n<p>(I) Biscoitos &nbsp;<\/p>\n\n\n\n<p>Para garantir o funcionamento normal do site, podemos armazenar pequenos arquivos de dados chamados cookies no seu dispositivo. Os cookies geralmente cont\u00eam identificadores, nomes de sites e n\u00fameros\/caracteres. Os cookies nos permitem armazenar suas prefer\u00eancias de navega\u00e7\u00e3o. &nbsp;<\/p>\n\n\n\n<p>N\u00e3o utilizaremos cookies para fins que n\u00e3o estejam previstos nesta pol\u00edtica. Voc\u00ea pode gerenciar ou excluir cookies atrav\u00e9s das configura\u00e7\u00f5es do seu navegador. Observe que o bloqueio de cookies pode exigir ajustes manuais a cada visita ao nosso site. &nbsp;<\/p>\n\n\n\n<p>(II) Web Beacons e Pixel Tags &nbsp;<\/p>\n\n\n\n<p>Al\u00e9m de cookies, usamos web beacons e pixel tags. Por exemplo, os e-mails que enviamos podem incluir links rastreados para entender suas prefer\u00eancias e melhorar nossos servi\u00e7os. Web beacons s\u00e3o imagens transparentes incorporadas em sites ou e-mails. Pixel tags ajudam a determinar se um e-mail foi aberto. Voc\u00ea pode cancelar a inscri\u00e7\u00e3o para evitar esse rastreamento. &nbsp;<\/p>\n\n\n\n<p>(III) N\u00e3o rastrear &nbsp;<\/p>\n\n\n\n<p>Muitos navegadores oferecem um recurso &quot;N\u00e3o rastrear&quot; (DNT). Embora n\u00e3o haja respostas padronizadas para solicita\u00e7\u00f5es de DNT, nossos sites respeitar\u00e3o sua escolha caso o DNT esteja ativado. &nbsp;<\/p>\n\n\n\n<p>3. Como compartilhamos, transferimos ou divulgamos suas informa\u00e7\u00f5es de usu\u00e1rio &nbsp;<\/p>\n\n\n\n<p>(I) Compartilhamento &nbsp;<\/p>\n\n\n\n<p>N\u00e3o compartilharemos suas informa\u00e7\u00f5es de usu\u00e1rio com terceiros, exceto nos seguintes casos: &nbsp;<\/p>\n\n\n\n<p>1. Com o seu consentimento expl\u00edcito; &nbsp;<\/p>\n\n\n\n<p>2. Para cumprir obriga\u00e7\u00f5es legais ou ordens governamentais; &nbsp;<\/p>\n\n\n\n<p>3. Partilha com afiliadas, limitada \u00e0s informa\u00e7\u00f5es necess\u00e1rias e aos fins aqui indicados; &nbsp;<\/p>\n\n\n\n<p>4. Compartilhamento com parceiros autorizados para aprimorar os servi\u00e7os. Os parceiros devem aderir a acordos de confidencialidade e processar as informa\u00e7\u00f5es de forma l\u00edcita. &nbsp;<\/p>\n\n\n\n<p>(II) Transfer\u00eancia<\/p>\n\n\n\n<p>N\u00e3o transferiremos suas informa\u00e7\u00f5es de usu\u00e1rio, exceto nos seguintes casos: &nbsp;<\/p>\n\n\n\n<p>1. Com o seu consentimento expl\u00edcito; &nbsp;<\/p>\n\n\n\n<p>2. Durante fus\u00f5es, aquisi\u00e7\u00f5es ou fal\u00eancias, desde que o destinat\u00e1rio continue a cumprir esta pol\u00edtica. &nbsp;<\/p>\n\n\n\n<p>(III) Divulga\u00e7\u00e3o &nbsp;<\/p>\n\n\n\n<p>S\u00f3 divulgaremos as suas informa\u00e7\u00f5es de utilizador: &nbsp;<\/p>\n\n\n\n<p>1. Com o seu consentimento expl\u00edcito; &nbsp;<\/p>\n\n\n\n<p>2. Para cumprir os requisitos legais. &nbsp;<\/p>\n\n\n\n<p>(IV) Exce\u00e7\u00f5es ao consentimento para compartilhamento, transfer\u00eancia ou divulga\u00e7\u00e3o &nbsp;<\/p>\n\n\n\n<p>Conforme permitido por lei, podemos compartilhar, transferir ou divulgar informa\u00e7\u00f5es sem consentimento em circunst\u00e2ncias semelhantes \u00e0 Se\u00e7\u00e3o 1(II). &nbsp;<\/p>\n\n\n\n<p>4. Como protegemos suas informa\u00e7\u00f5es de usu\u00e1rio &nbsp;<\/p>\n\n\n\n<p>Implementamos medidas padr\u00e3o do setor para proteger suas informa\u00e7\u00f5es, incluindo criptografia SSL, protocolos HTTPS, controles de acesso e treinamento da equipe. Embora nos esforcemos pela seguran\u00e7a, nenhum sistema \u00e9 totalmente livre de riscos. Em caso de viola\u00e7\u00e3o de seguran\u00e7a, notificaremos voc\u00ea imediatamente e informaremos as autoridades competentes, conforme necess\u00e1rio. &nbsp;<\/p>\n\n\n\n<p>5. Seus direitos &nbsp;<\/p>\n\n\n\n<p>Voc\u00ea tem o direito a: &nbsp;<\/p>\n\n\n\n<p>1. Acesse suas informa\u00e7\u00f5es de usu\u00e1rio; &nbsp;<\/p>\n\n\n\n<p>2. Corrigir informa\u00e7\u00f5es imprecisas; &nbsp;<\/p>\n\n\n\n<p>3. Eliminar informa\u00e7\u00f5es em condi\u00e7\u00f5es espec\u00edficas (por exemplo, viola\u00e7\u00f5es legais, revoga\u00e7\u00e3o do consentimento); &nbsp;<\/p>\n\n\n\n<p>4. Retirar o consentimento, o que pode afetar a disponibilidade do servi\u00e7o. &nbsp;<\/p>\n\n\n\n<p>Para exercer esses direitos, entre em contato conosco por e-mail em .&nbsp;&nbsp;<\/p>\n\n\n\n<p>6. Armazenamento e Transfer\u00eancia Global das Suas Informa\u00e7\u00f5es de Usu\u00e1rio<\/p>\n\n\n\n<p>As informa\u00e7\u00f5es do usu\u00e1rio coletadas na China s\u00e3o armazenadas localmente. Os per\u00edodos de reten\u00e7\u00e3o est\u00e3o em conformidade com os requisitos legais. Para opera\u00e7\u00f5es globais, garantimos que suas informa\u00e7\u00f5es recebam prote\u00e7\u00e3o equivalente aos padr\u00f5es chineses, mesmo quando transferidas internacionalmente. &nbsp;<\/p>\n\n\n\n<p>7. Como esta pol\u00edtica \u00e9 atualizada &nbsp;<\/p>\n\n\n\n<p>Poderemos atualizar esta pol\u00edtica e notific\u00e1-lo-emos de altera\u00e7\u00f5es significativas (por exemplo, altera\u00e7\u00f5es no modelo de servi\u00e7o, reestrutura\u00e7\u00e3o da propriedade). As vers\u00f5es arquivadas permanecer\u00e3o acess\u00edveis. &nbsp;<\/p>\n\n\n\n<p>8. Como entrar em contato conosco<\/p>\n\n\n\n<p>Para d\u00favidas ou coment\u00e1rios, entre em contato conosco atrav\u00e9s de: &nbsp;<\/p>\n\n\n\n<p>- E-mail: &nbsp;<\/p>\n\n\n\n<p>\u2013 Telefone: +86 13381770019 &nbsp;<\/p>\n\n\n\n<p>Nosso objetivo \u00e9 responder em at\u00e9 30 dias. &nbsp;<\/p>","protected":false},"excerpt":{"rendered":"<p>Privacy Policy This policy applies only to the products or services of Shanghai Nenghui Co., Ltd. &nbsp; Last Updated: Oct.&nbsp;21, 2025 This policy will help you understand the following: &nbsp; 1. How We Collect and Use Your User Information &nbsp; 2. How We Use Cookies and Similar Technologies &nbsp; 3. How We Share, Transfer, or [&hellip;]<\/p>","protected":false},"author":1,"featured_media":0,"parent":0,"menu_order":0,"comment_status":"closed","ping_status":"closed","template":"page-polocy-cookie.php","meta":{"footnotes":""},"class_list":["post-3","page","type-page","status-publish","hentry"],"_links":{"self":[{"href":"https:\/\/nenghui.com\/pt\/wp-json\/wp\/v2\/pages\/3","targetHints":{"allow":["GET"]}}],"collection":[{"href":"https:\/\/nenghui.com\/pt\/wp-json\/wp\/v2\/pages"}],"about":[{"href":"https:\/\/nenghui.com\/pt\/wp-json\/wp\/v2\/types\/page"}],"author":[{"embeddable":true,"href":"https:\/\/nenghui.com\/pt\/wp-json\/wp\/v2\/users\/1"}],"replies":[{"embeddable":true,"href":"https:\/\/nenghui.com\/pt\/wp-json\/wp\/v2\/comments?post=3"}],"version-history":[{"count":6,"href":"https:\/\/nenghui.com\/pt\/wp-json\/wp\/v2\/pages\/3\/revisions"}],"predecessor-version":[{"id":1567,"href":"https:\/\/nenghui.com\/pt\/wp-json\/wp\/v2\/pages\/3\/revisions\/1567"}],"wp:attachment":[{"href":"https:\/\/nenghui.com\/pt\/wp-json\/wp\/v2\/media?parent=3"}],"curies":[{"name":"wp","href":"https:\/\/api.w.org\/{rel}","templated":true}]}}